{"id":11985,"date":"2024-06-19T15:05:10","date_gmt":"2024-06-19T15:05:10","guid":{"rendered":"https:\/\/salmafurniture.pt\/?page_id=11985"},"modified":"2024-06-19T15:22:18","modified_gmt":"2024-06-19T15:22:18","slug":"salma-newsletter","status":"publish","type":"page","link":"https:\/\/salmafurniture.pt\/pt-pt\/salma-newsletter\/","title":{"rendered":"Salma Newsletter"},"content":{"rendered":"\t\t<div data-elementor-type=\"wp-page\" data-elementor-id=\"11985\" class=\"elementor elementor-11985 elementor-11984\">\n\t\t\t\t\t\t<section class=\"elementor-section elementor-top-section elementor-element elementor-element-bc99990 elementor-section-full_width qodef-elementor-content-grid qodef-extended-grid qodef-extended-grid--right qodef-extended-grid-disabled--1024 elementor-section-height-default elementor-section-height-default qodef-elementor-overlay-no\" data-id=\"bc99990\" data-element_type=\"section\">\n\t\t\t\t\t\t<div class=\"elementor-container elementor-column-gap-default\">\n\t\t\t\t\t<div class=\"elementor-column elementor-col-50 elementor-top-column elementor-element elementor-element-f15e625\" data-id=\"f15e625\" data-element_type=\"column\">\n\t\t\t<div class=\"elementor-widget-wrap elementor-element-populated\">\n\t\t\t\t\t\t<div class=\"elementor-element elementor-element-31e35cf elementor-widget elementor-widget-tobel_core_section_title\" data-id=\"31e35cf\" data-element_type=\"widget\" data-widget_type=\"tobel_core_section_title.default\">\n\t\t\t\t<div class=\"elementor-widget-container\">\n\t\t\t\t\t<div class=\"qodef-shortcode qodef-m qodef-section-title qodef-alignment--left\">\n\t\t<p class=\"qodef-m-subtitle\" style=\"margin-bottom: 2px;font-size: 50px\">\n\t\tSubscreva\t<\/p>\n\t\t<h2 class=\"qodef-m-title\" >\n\t\t\t\t\ta nossa newsletter\t\t\t<\/h2>\n\t\t<p class=\"qodef-m-text\" >Mantenha-se atualizado com as \u00faltimas tend\u00eancias, novidades, ofertas exclusivas e muito mais\n\n<\/p>\n<\/div>\n\t\t\t\t<\/div>\n\t\t\t\t<\/div>\n\t\t\t\t<div class=\"elementor-element elementor-element-cb90f21 elementor-widget elementor-widget-wp-widget-tobel_core_contact_form_7\" data-id=\"cb90f21\" data-element_type=\"widget\" data-widget_type=\"wp-widget-tobel_core_contact_form_7.default\">\n\t\t\t\t<div class=\"elementor-widget-container\">\n\t\t\t\t\t\t\t\t<div class=\"qodef-contact-form-7\">\n\t\t\t\t\n<div class=\"wpcf7 no-js\" id=\"wpcf7-f9569-o1\" lang=\"pt-PT\" dir=\"ltr\" data-wpcf7-id=\"9569\">\n<div class=\"screen-reader-response\"><p role=\"status\" aria-live=\"polite\" aria-atomic=\"true\"><\/p> <ul><\/ul><\/div>\n<form action=\"\/pt-pt\/wp-json\/wp\/v2\/pages\/11985#wpcf7-f9569-o1\" method=\"post\" class=\"wpcf7-form init\" aria-label=\"Formul\u00e1rio de contacto\" novalidate=\"novalidate\" data-status=\"init\">\n<fieldset class=\"hidden-fields-container\"><input type=\"hidden\" name=\"_wpcf7\" value=\"9569\" \/><input type=\"hidden\" name=\"_wpcf7_version\" value=\"6.1.4\" \/><input type=\"hidden\" name=\"_wpcf7_locale\" value=\"pt_PT\" \/><input type=\"hidden\" name=\"_wpcf7_unit_tag\" value=\"wpcf7-f9569-o1\" \/><input type=\"hidden\" name=\"_wpcf7_container_post\" value=\"0\" \/><input type=\"hidden\" name=\"_wpcf7_posted_data_hash\" value=\"\" \/><input type=\"hidden\" name=\"_wpcf7_recaptcha_response\" value=\"\" \/>\n<\/fieldset>\n<div class=\"qodef-ft-newsletter-form\">\n<span class=\"wpcf7-form-control-wrap\" data-name=\"your-email\"><input size=\"40\" maxlength=\"400\" class=\"wpcf7-form-control wpcf7-email wpcf7-validates-as-required wpcf7-text wpcf7-validates-as-email\" aria-required=\"true\" aria-invalid=\"false\" placeholder=\"E-mail\" value=\"\" type=\"email\" name=\"your-email\" \/><\/span>\n<span class=\"qodef-ft-newsletter-info\">* Receba as \u00faltimas ofertas e informa\u00e7\u00f5es<\/span>\n<button class=\"wpcf7-form-control wpcf7-submit qodef-layout--outlined qodef-size--small qodef-button qodef-size--normal qodef-layout--filled qodef-m\" type=\"submit\"><span class=\"qodef-m-text\">Enviar<\/span><\/button>\n<\/div><div class=\"wpcf7-response-output\" aria-hidden=\"true\"><\/div>\n<\/form>\n<\/div>\n\t\t\t<\/div>\n\t\t\t\t\t\t\t<\/div>\n\t\t\t\t<\/div>\n\t\t\t\t\t<\/div>\n\t\t<\/div>\n\t\t\t\t<div class=\"elementor-column elementor-col-50 elementor-top-column elementor-element elementor-element-470c597\" data-id=\"470c597\" data-element_type=\"column\">\n\t\t\t<div class=\"elementor-widget-wrap elementor-element-populated\">\n\t\t\t\t\t\t<div class=\"elementor-element elementor-element-2f1c172 elementor-widget elementor-widget-tobel_core_single_image\" data-id=\"2f1c172\" data-element_type=\"widget\" data-widget_type=\"tobel_core_single_image.default\">\n\t\t\t\t<div class=\"elementor-widget-container\">\n\t\t\t\t\t<div class=\"qodef-shortcode qodef-m qodef-single-image qodef-layout--default\">\n\t\t<div class=\"qodef-m-image\">\n\t\t\t\t\t\t<img fetchpriority=\"high\" decoding=\"async\" width=\"1024\" height=\"1007\" src=\"https:\/\/salmafurniture.pt\/wp-content\/uploads\/2023\/03\/Estante-salma-6525-integ-1024x1007.jpg\" class=\"attachment-large size-large qodef-list-image\" alt=\"\" srcset=\"https:\/\/salmafurniture.pt\/wp-content\/uploads\/2023\/03\/Estante-salma-6525-integ-1024x1007.jpg 1024w, https:\/\/salmafurniture.pt\/wp-content\/uploads\/2023\/03\/Estante-salma-6525-integ-300x295.jpg 300w, https:\/\/salmafurniture.pt\/wp-content\/uploads\/2023\/03\/Estante-salma-6525-integ-768x755.jpg 768w, https:\/\/salmafurniture.pt\/wp-content\/uploads\/2023\/03\/Estante-salma-6525-integ-1536x1510.jpg 1536w, https:\/\/salmafurniture.pt\/wp-content\/uploads\/2023\/03\/Estante-salma-6525-integ-2048x2014.jpg 2048w, https:\/\/salmafurniture.pt\/wp-content\/uploads\/2023\/03\/Estante-salma-6525-integ-960x944.jpg 960w\" sizes=\"(max-width: 1024px) 100vw, 1024px\" \/>\t\t\t\t\t<\/div>\n<\/div>\n\t\t\t\t<\/div>\n\t\t\t\t<\/div>\n\t\t\t\t\t<\/div>\n\t\t<\/div>\n\t\t\t\t\t<\/div>\n\t\t<\/section>\n\t\t\t\t<\/div>\n\t\t","protected":false},"excerpt":{"rendered":"<p>Subscreva a nossa newsletter Mantenha-se atualizado com as \u00faltimas tend\u00eancias, novidades, ofertas exclusivas e muito mais<\/p>\n","protected":false},"author":6,"featured_media":0,"parent":0,"menu_order":0,"comment_status":"closed","ping_status":"closed","template":"page-full-width.php","meta":{"_acf_changed":false,"_monsterinsights_skip_tracking":false,"_monsterinsights_sitenote_active":false,"_monsterinsights_sitenote_note":"","_monsterinsights_sitenote_category":0,"footnotes":""},"class_list":["post-11985","page","type-page","status-publish","hentry"],"acf":[],"yoast_head":"<!-- This site is optimized with the Yoast SEO plugin v26.7 - https:\/\/yoast.com\/wordpress\/plugins\/seo\/ -->\n<title>Salma Newsletter - Salma Furniture<\/title>\n<meta name=\"description\" content=\"A Salma \u00e9 um fabricante portugu\u00eas de mobili\u00e1rio de luxo feito \u00e0 medida, incluindo estofos, marcenaria e serralharia.\" \/>\n<meta name=\"robots\" content=\"index, follow, max-snippet:-1, max-image-preview:large, max-video-preview:-1\" \/>\n<link rel=\"canonical\" href=\"https:\/\/salmafurniture.pt\/pt-pt\/salma-newsletter\/\" \/>\n<meta property=\"og:locale\" content=\"pt_PT\" \/>\n<meta property=\"og:type\" content=\"article\" \/>\n<meta property=\"og:title\" content=\"Salma Newsletter - Salma Furniture\" \/>\n<meta property=\"og:description\" content=\"A Salma \u00e9 um fabricante portugu\u00eas de mobili\u00e1rio de luxo feito \u00e0 medida, incluindo estofos, marcenaria e serralharia.\" \/>\n<meta property=\"og:url\" content=\"https:\/\/salmafurniture.pt\/pt-pt\/salma-newsletter\/\" \/>\n<meta property=\"og:site_name\" content=\"Salma Furniture\" \/>\n<meta property=\"article:modified_time\" content=\"2024-06-19T15:22:18+00:00\" \/>\n<meta property=\"og:image\" content=\"https:\/\/salmafurniture.pt\/wp-content\/uploads\/2023\/03\/Estante-salma-6525-integ-1024x1007.jpg\" \/>\n<meta name=\"twitter:card\" content=\"summary_large_image\" \/>\n<meta name=\"twitter:label1\" content=\"Tempo estimado de leitura\" \/>\n\t<meta name=\"twitter:data1\" content=\"1 minuto\" \/>\n<script type=\"application\/ld+json\" class=\"yoast-schema-graph\">{\"@context\":\"https:\/\/schema.org\",\"@graph\":[{\"@type\":\"WebPage\",\"@id\":\"https:\/\/salmafurniture.pt\/pt-pt\/salma-newsletter\/\",\"url\":\"https:\/\/salmafurniture.pt\/pt-pt\/salma-newsletter\/\",\"name\":\"Salma Newsletter - Salma Furniture\",\"isPartOf\":{\"@id\":\"https:\/\/salmafurniture.pt\/pt-pt\/#website\"},\"primaryImageOfPage\":{\"@id\":\"https:\/\/salmafurniture.pt\/pt-pt\/salma-newsletter\/#primaryimage\"},\"image\":{\"@id\":\"https:\/\/salmafurniture.pt\/pt-pt\/salma-newsletter\/#primaryimage\"},\"thumbnailUrl\":\"https:\/\/salmafurniture.pt\/wp-content\/uploads\/2023\/03\/Estante-salma-6525-integ-1024x1007.jpg\",\"datePublished\":\"2024-06-19T15:05:10+00:00\",\"dateModified\":\"2024-06-19T15:22:18+00:00\",\"description\":\"A Salma \u00e9 um fabricante portugu\u00eas de mobili\u00e1rio de luxo feito \u00e0 medida, incluindo estofos, marcenaria e serralharia.\",\"breadcrumb\":{\"@id\":\"https:\/\/salmafurniture.pt\/pt-pt\/salma-newsletter\/#breadcrumb\"},\"inLanguage\":\"pt-PT\",\"potentialAction\":[{\"@type\":\"ReadAction\",\"target\":[\"https:\/\/salmafurniture.pt\/pt-pt\/salma-newsletter\/\"]}]},{\"@type\":\"ImageObject\",\"inLanguage\":\"pt-PT\",\"@id\":\"https:\/\/salmafurniture.pt\/pt-pt\/salma-newsletter\/#primaryimage\",\"url\":\"https:\/\/salmafurniture.pt\/wp-content\/uploads\/2023\/03\/Estante-salma-6525-integ-1024x1007.jpg\",\"contentUrl\":\"https:\/\/salmafurniture.pt\/wp-content\/uploads\/2023\/03\/Estante-salma-6525-integ-1024x1007.jpg\"},{\"@type\":\"BreadcrumbList\",\"@id\":\"https:\/\/salmafurniture.pt\/pt-pt\/salma-newsletter\/#breadcrumb\",\"itemListElement\":[{\"@type\":\"ListItem\",\"position\":1,\"name\":\"In\u00edcio\",\"item\":\"https:\/\/salmafurniture.pt\/pt-pt\/\"},{\"@type\":\"ListItem\",\"position\":2,\"name\":\"Salma Newsletter\"}]},{\"@type\":\"WebSite\",\"@id\":\"https:\/\/salmafurniture.pt\/pt-pt\/#website\",\"url\":\"https:\/\/salmafurniture.pt\/pt-pt\/\",\"name\":\"Salma Furniture\",\"description\":\"\",\"publisher\":{\"@id\":\"https:\/\/salmafurniture.pt\/pt-pt\/#organization\"},\"potentialAction\":[{\"@type\":\"SearchAction\",\"target\":{\"@type\":\"EntryPoint\",\"urlTemplate\":\"https:\/\/salmafurniture.pt\/pt-pt\/?s={search_term_string}\"},\"query-input\":{\"@type\":\"PropertyValueSpecification\",\"valueRequired\":true,\"valueName\":\"search_term_string\"}}],\"inLanguage\":\"pt-PT\"},{\"@type\":\"Organization\",\"@id\":\"https:\/\/salmafurniture.pt\/pt-pt\/#organization\",\"name\":\"Salma Furniture\",\"url\":\"https:\/\/salmafurniture.pt\/pt-pt\/\",\"logo\":{\"@type\":\"ImageObject\",\"inLanguage\":\"pt-PT\",\"@id\":\"https:\/\/salmafurniture.pt\/pt-pt\/#\/schema\/logo\/image\/\",\"url\":\"https:\/\/salmafurniture.pt\/wp-content\/uploads\/2022\/02\/SALMA_logotipo.png\",\"contentUrl\":\"https:\/\/salmafurniture.pt\/wp-content\/uploads\/2022\/02\/SALMA_logotipo.png\",\"width\":301,\"height\":81,\"caption\":\"Salma Furniture\"},\"image\":{\"@id\":\"https:\/\/salmafurniture.pt\/pt-pt\/#\/schema\/logo\/image\/\"}}]}<\/script>\n<!-- \/ Yoast SEO plugin. -->","yoast_head_json":{"title":"Salma Newsletter - Salma Furniture","description":"A Salma \u00e9 um fabricante portugu\u00eas de mobili\u00e1rio de luxo feito \u00e0 medida, incluindo estofos, marcenaria e serralharia.","robots":{"index":"index","follow":"follow","max-snippet":"max-snippet:-1","max-image-preview":"max-image-preview:large","max-video-preview":"max-video-preview:-1"},"canonical":"https:\/\/salmafurniture.pt\/pt-pt\/salma-newsletter\/","og_locale":"pt_PT","og_type":"article","og_title":"Salma Newsletter - Salma Furniture","og_description":"A Salma \u00e9 um fabricante portugu\u00eas de mobili\u00e1rio de luxo feito \u00e0 medida, incluindo estofos, marcenaria e serralharia.","og_url":"https:\/\/salmafurniture.pt\/pt-pt\/salma-newsletter\/","og_site_name":"Salma Furniture","article_modified_time":"2024-06-19T15:22:18+00:00","og_image":[{"url":"https:\/\/salmafurniture.pt\/wp-content\/uploads\/2023\/03\/Estante-salma-6525-integ-1024x1007.jpg","type":"","width":"","height":""}],"twitter_card":"summary_large_image","twitter_misc":{"Tempo estimado de leitura":"1 minuto"},"schema":{"@context":"https:\/\/schema.org","@graph":[{"@type":"WebPage","@id":"https:\/\/salmafurniture.pt\/pt-pt\/salma-newsletter\/","url":"https:\/\/salmafurniture.pt\/pt-pt\/salma-newsletter\/","name":"Salma Newsletter - Salma Furniture","isPartOf":{"@id":"https:\/\/salmafurniture.pt\/pt-pt\/#website"},"primaryImageOfPage":{"@id":"https:\/\/salmafurniture.pt\/pt-pt\/salma-newsletter\/#primaryimage"},"image":{"@id":"https:\/\/salmafurniture.pt\/pt-pt\/salma-newsletter\/#primaryimage"},"thumbnailUrl":"https:\/\/salmafurniture.pt\/wp-content\/uploads\/2023\/03\/Estante-salma-6525-integ-1024x1007.jpg","datePublished":"2024-06-19T15:05:10+00:00","dateModified":"2024-06-19T15:22:18+00:00","description":"A Salma \u00e9 um fabricante portugu\u00eas de mobili\u00e1rio de luxo feito \u00e0 medida, incluindo estofos, marcenaria e serralharia.","breadcrumb":{"@id":"https:\/\/salmafurniture.pt\/pt-pt\/salma-newsletter\/#breadcrumb"},"inLanguage":"pt-PT","potentialAction":[{"@type":"ReadAction","target":["https:\/\/salmafurniture.pt\/pt-pt\/salma-newsletter\/"]}]},{"@type":"ImageObject","inLanguage":"pt-PT","@id":"https:\/\/salmafurniture.pt\/pt-pt\/salma-newsletter\/#primaryimage","url":"https:\/\/salmafurniture.pt\/wp-content\/uploads\/2023\/03\/Estante-salma-6525-integ-1024x1007.jpg","contentUrl":"https:\/\/salmafurniture.pt\/wp-content\/uploads\/2023\/03\/Estante-salma-6525-integ-1024x1007.jpg"},{"@type":"BreadcrumbList","@id":"https:\/\/salmafurniture.pt\/pt-pt\/salma-newsletter\/#breadcrumb","itemListElement":[{"@type":"ListItem","position":1,"name":"In\u00edcio","item":"https:\/\/salmafurniture.pt\/pt-pt\/"},{"@type":"ListItem","position":2,"name":"Salma Newsletter"}]},{"@type":"WebSite","@id":"https:\/\/salmafurniture.pt\/pt-pt\/#website","url":"https:\/\/salmafurniture.pt\/pt-pt\/","name":"Salma Furniture","description":"","publisher":{"@id":"https:\/\/salmafurniture.pt\/pt-pt\/#organization"},"potentialAction":[{"@type":"SearchAction","target":{"@type":"EntryPoint","urlTemplate":"https:\/\/salmafurniture.pt\/pt-pt\/?s={search_term_string}"},"query-input":{"@type":"PropertyValueSpecification","valueRequired":true,"valueName":"search_term_string"}}],"inLanguage":"pt-PT"},{"@type":"Organization","@id":"https:\/\/salmafurniture.pt\/pt-pt\/#organization","name":"Salma Furniture","url":"https:\/\/salmafurniture.pt\/pt-pt\/","logo":{"@type":"ImageObject","inLanguage":"pt-PT","@id":"https:\/\/salmafurniture.pt\/pt-pt\/#\/schema\/logo\/image\/","url":"https:\/\/salmafurniture.pt\/wp-content\/uploads\/2022\/02\/SALMA_logotipo.png","contentUrl":"https:\/\/salmafurniture.pt\/wp-content\/uploads\/2022\/02\/SALMA_logotipo.png","width":301,"height":81,"caption":"Salma Furniture"},"image":{"@id":"https:\/\/salmafurniture.pt\/pt-pt\/#\/schema\/logo\/image\/"}}]}},"_links":{"self":[{"href":"https:\/\/salmafurniture.pt\/pt-pt\/wp-json\/wp\/v2\/pages\/11985","targetHints":{"allow":["GET"]}}],"collection":[{"href":"https:\/\/salmafurniture.pt\/pt-pt\/wp-json\/wp\/v2\/pages"}],"about":[{"href":"https:\/\/salmafurniture.pt\/pt-pt\/wp-json\/wp\/v2\/types\/page"}],"author":[{"embeddable":true,"href":"https:\/\/salmafurniture.pt\/pt-pt\/wp-json\/wp\/v2\/users\/6"}],"replies":[{"embeddable":true,"href":"https:\/\/salmafurniture.pt\/pt-pt\/wp-json\/wp\/v2\/comments?post=11985"}],"version-history":[{"count":0,"href":"https:\/\/salmafurniture.pt\/pt-pt\/wp-json\/wp\/v2\/pages\/11985\/revisions"}],"wp:attachment":[{"href":"https:\/\/salmafurniture.pt\/pt-pt\/wp-json\/wp\/v2\/media?parent=11985"}],"curies":[{"name":"wp","href":"https:\/\/api.w.org\/{rel}","templated":true}]}}