{"id":9492,"date":"2022-03-07T11:23:59","date_gmt":"2022-03-07T11:23:59","guid":{"rendered":"https:\/\/salmafurniture.pt\/politica-de-cookies\/"},"modified":"2023-07-19T14:23:26","modified_gmt":"2023-07-19T14:23:26","slug":"politica-de-cookies","status":"publish","type":"page","link":"https:\/\/salmafurniture.pt\/pt-pt\/politica-de-cookies\/","title":{"rendered":"Pol\u00edtica de Cookies"},"content":{"rendered":"\t\t<div data-elementor-type=\"wp-page\" data-elementor-id=\"9492\" class=\"elementor elementor-9492 elementor-7089\">\n\t\t\t\t\t\t<section class=\"elementor-section elementor-top-section elementor-element elementor-element-6ee9f236 elementor-section-boxed elementor-section-height-default elementor-section-height-default qodef-elementor-content-no qodef-elementor-overlay-no\" data-id=\"6ee9f236\" data-element_type=\"section\">\n\t\t\t\t\t\t<div class=\"elementor-container elementor-column-gap-default\">\n\t\t\t\t\t<div class=\"elementor-column elementor-col-100 elementor-top-column elementor-element elementor-element-75916d0\" data-id=\"75916d0\" data-element_type=\"column\">\n\t\t\t<div class=\"elementor-widget-wrap elementor-element-populated\">\n\t\t\t\t\t\t<div class=\"elementor-element elementor-element-1cd91ef7 elementor-widget elementor-widget-text-editor\" data-id=\"1cd91ef7\" data-element_type=\"widget\" data-widget_type=\"text-editor.default\">\n\t\t\t\t<div class=\"elementor-widget-container\">\n\t\t\t\t\t\t\t\t\t<p>A pol\u00edtica de cookies da Salma Furniture foi desenvolvida para explicar aos utilizadores do nosso website como utilizamos os mesmos, para lhes assegurar que t\u00eam uma experi\u00eancia de navega\u00e7\u00e3o segura e para demonstrar o nosso compromisso em proteger a privacidade dos seus dados. N\u00e3o comercializamos nenhuma informa\u00e7\u00e3o recolhida atrav\u00e9s de cookies.<\/p><p><span style=\"font-weight: 400;\">Os Cookies s\u00e3o pequenos ficheiros de texto que um site, quando visitado, coloca no computador do utilizador ou no seu dispositivo m\u00f3vel, atrav\u00e9s do browser. A coloca\u00e7\u00e3o de Cookies ajudar\u00e1 o site a reconhecer o seu dispositivo numa pr\u00f3xima visita. Usamos o termo cookies nesta pol\u00edtica para referir todos os ficheiros que recolhem informa\u00e7\u00f5es desta forma. Os cookies utilizados n\u00e3o recolhem informa\u00e7\u00e3o que o pode identificar ou contactar, tais como o seu nome, endere\u00e7o de correio eletr\u00f3nico, endere\u00e7os pessoais ou profissionais ou n\u00famero de telefone. Os cookies recolhem tamb\u00e9m informa\u00e7\u00f5es gen\u00e9ricas, designadamente a forma como os utilizadores chegam e utilizam os sites ou a zona do pa\u00eds\/pa\u00edses atrav\u00e9s do qual acedem ao site, etc. Os cookies ret\u00eam apenas informa\u00e7\u00e3o relacionada com as suas prefer\u00eancias. A qualquer momento o utilizador pode, atrav\u00e9s do seu browser decidir ser notificado sobre a rece\u00e7\u00e3o de cookies, bem como bloquear a respetiva entrada no seu sistema.<\/span><\/p><p><b>Salma Furniture utiliza cookies para:<\/b><\/p><ul style=\"margin-left: 35px;\"><li style=\"font-weight: 400;\" aria-level=\"1\"><span style=\"font-weight: 400;\">Conhecer os nossos visitantes e assim melhorar a sua experi\u00eancia de navega\u00e7\u00e3o;<\/span><\/li><li style=\"font-weight: 400;\" aria-level=\"1\"><span style=\"font-weight: 400;\">Personalizar a informa\u00e7\u00e3o das p\u00e1ginas web que visitam;<\/span><\/li><li style=\"font-weight: 400;\" aria-level=\"1\"><span style=\"font-weight: 400;\">Segmentar a nossa oferta e disponibilizar campanhas de acordo com os interesses de cada um dos nossos visitantes.<\/span><\/li><\/ul><p><span style=\"text-decoration: underline;\"><b>Tipos de cookies utilizados<\/b><\/span><\/p><p><strong>Cookies de Funcionamento:<\/strong><\/p><p><span style=\"font-weight: 400;\">Permitem-nos relembrar as prefer\u00eancias do utilizador relativamente \u00e0 navega\u00e7\u00e3o no nosso website. Assim, n\u00e3o necessita de o reconfigurar e personalizar cada vez que o visita. Este tipo de cookies n\u00e3o recolhe informa\u00e7\u00f5es que possam ser utilizadas para fins de marketing.<\/span><\/p><p><strong>Cookies de Desempenho e de An\u00e1lise:<\/strong><\/p><p><span style=\"font-weight: 400;\">O nosso website utiliza o Google Analytics, um servi\u00e7o de an\u00e1lise de websites prestado pela Google. Este servi\u00e7o utiliza cookies para recolher e analisar informa\u00e7\u00f5es sobre o comportamento dos utilizadores no website da Salma Furniture, incluindo endere\u00e7os IP. As informa\u00e7\u00f5es recolhidas pelo Google Analytics s\u00e3o processadas para produzir relat\u00f3rios estat\u00edsticos sobre as atividades de navega\u00e7\u00e3o dos utilizadores.<\/span><\/p><p><span style=\"font-weight: 400;\">Para mais informa\u00e7\u00f5es sobre os cookies do Google Analytics, visite:<\/span><a href=\"https:\/\/goo.gl\/UTajdR\"><span style=\"font-weight: 400;\">https:\/\/goo.gl\/UTajdR<\/span><\/a><span style=\"font-weight: 400;\">. <\/span><\/p><p><strong>Cookies relacionados com a utiliza\u00e7\u00e3o das redes sociais:<\/strong><\/p><p><span style=\"font-weight: 400;\">Estes cookies est\u00e3o ligados aos servi\u00e7os fornecidos por terceiros, como os bot\u00f5es &#8220;Gosto&#8221; ou &#8220;Partilhar&#8221;. S\u00e3o utilizados para lhe fornecer servi\u00e7os de partilha com as diferentes redes sociais.<\/span><\/p><p><span style=\"font-weight: 400;\">Recomendamos que consulte as pol\u00edticas de prote\u00e7\u00e3o da privacidade destas redes sociais para tomar conhecimento das informa\u00e7\u00f5es de navega\u00e7\u00e3o que podem recolher atrav\u00e9s destes bot\u00f5es de aplica\u00e7\u00e3o e das suas finalidades.<\/span><\/p><p><span style=\"font-weight: 400;\">Fazemos analise e recolha de dados que s\u00e3o disponibilizados pelos nossos utilizadores nas nossas redes sociais de acordo com os formul\u00e1rios que facultamos no decorrer das campanhas de comunica\u00e7\u00e3o que cada uma das plataformas disponibiliza. Estes dados s\u00e3o processados de acordo com os regulamentos de cada plataforma e com o consentimento pr\u00e9vio do utilizador.<\/span><\/p><p><span style=\"font-weight: 400;\">Pode obter mais informa\u00e7\u00f5es gerais sobre cookies atrav\u00e9s desta p\u00e1gina:<\/span><a href=\"http:\/\/ec.europa.eu\/ipg\/basics\/legal\/cookies\/\"><span style=\"font-weight: 400;\">http:\/\/ec.europa.eu\/ipg\/basics\/legal\/cookies\/<\/span><\/a><span style=\"font-weight: 400;\">.<\/span><\/p><p><span style=\"font-weight: 400;\">Caso tenha alguma d\u00favida ou quest\u00e3o sobre Pol\u00edtica de Cookies da Salma Furniture, por favor envie email para info@salmafurniture.pt com o assunto \u201cPol\u00edtica de Cookies\u201d.<\/span><\/p>\t\t\t\t\t\t\t\t<\/div>\n\t\t\t\t<\/div>\n\t\t\t\t\t<\/div>\n\t\t<\/div>\n\t\t\t\t\t<\/div>\n\t\t<\/section>\n\t\t\t\t<\/div>\n\t\t","protected":false},"excerpt":{"rendered":"<p>A pol\u00edtica de cookies da Salma Furniture foi desenvolvida para explicar aos utilizadores do nosso website como utilizamos os mesmos, para lhes assegurar que t\u00eam uma experi\u00eancia de navega\u00e7\u00e3o segura e para demonstrar o nosso compromisso em proteger a privacidade dos seus dados. N\u00e3o comercializamos nenhuma informa\u00e7\u00e3o recolhida atrav\u00e9s de cookies. Os Cookies s\u00e3o pequenos [&hellip;]<\/p>\n","protected":false},"author":1,"featured_media":0,"parent":0,"menu_order":0,"comment_status":"closed","ping_status":"closed","template":"","meta":{"_acf_changed":false,"_monsterinsights_skip_tracking":false,"_monsterinsights_sitenote_active":false,"_monsterinsights_sitenote_note":"","_monsterinsights_sitenote_category":0,"footnotes":""},"class_list":["post-9492","page","type-page","status-publish","hentry"],"acf":[],"yoast_head":"<!-- This site is optimized with the Yoast SEO plugin v26.7 - https:\/\/yoast.com\/wordpress\/plugins\/seo\/ -->\n<title>Pol\u00edtica de Cookies - Salma Furniture<\/title>\n<meta name=\"description\" content=\"A Salma \u00e9 um fabricante portugu\u00eas de mobili\u00e1rio de luxo feito \u00e0 medida, incluindo estofos, marcenaria e serralharia.\" \/>\n<meta name=\"robots\" content=\"index, follow, max-snippet:-1, max-image-preview:large, max-video-preview:-1\" \/>\n<link rel=\"canonical\" href=\"https:\/\/salmafurniture.pt\/pt-pt\/politica-de-cookies\/\" \/>\n<meta property=\"og:locale\" content=\"pt_PT\" \/>\n<meta property=\"og:type\" content=\"article\" \/>\n<meta property=\"og:title\" content=\"Pol\u00edtica de Cookies - Salma Furniture\" \/>\n<meta property=\"og:description\" content=\"A Salma \u00e9 um fabricante portugu\u00eas de mobili\u00e1rio de luxo feito \u00e0 medida, incluindo estofos, marcenaria e serralharia.\" \/>\n<meta property=\"og:url\" content=\"https:\/\/salmafurniture.pt\/pt-pt\/politica-de-cookies\/\" \/>\n<meta property=\"og:site_name\" content=\"Salma Furniture\" \/>\n<meta property=\"article:modified_time\" content=\"2023-07-19T14:23:26+00:00\" \/>\n<meta name=\"twitter:card\" content=\"summary_large_image\" \/>\n<meta name=\"twitter:label1\" content=\"Tempo estimado de leitura\" \/>\n\t<meta name=\"twitter:data1\" content=\"3 minutos\" \/>\n<script type=\"application\/ld+json\" class=\"yoast-schema-graph\">{\"@context\":\"https:\/\/schema.org\",\"@graph\":[{\"@type\":\"WebPage\",\"@id\":\"https:\/\/salmafurniture.pt\/pt-pt\/politica-de-cookies\/\",\"url\":\"https:\/\/salmafurniture.pt\/pt-pt\/politica-de-cookies\/\",\"name\":\"Pol\u00edtica de Cookies - Salma Furniture\",\"isPartOf\":{\"@id\":\"https:\/\/salmafurniture.pt\/pt-pt\/#website\"},\"datePublished\":\"2022-03-07T11:23:59+00:00\",\"dateModified\":\"2023-07-19T14:23:26+00:00\",\"description\":\"A Salma \u00e9 um fabricante portugu\u00eas de mobili\u00e1rio de luxo feito \u00e0 medida, incluindo estofos, marcenaria e serralharia.\",\"breadcrumb\":{\"@id\":\"https:\/\/salmafurniture.pt\/pt-pt\/politica-de-cookies\/#breadcrumb\"},\"inLanguage\":\"pt-PT\",\"potentialAction\":[{\"@type\":\"ReadAction\",\"target\":[\"https:\/\/salmafurniture.pt\/pt-pt\/politica-de-cookies\/\"]}]},{\"@type\":\"BreadcrumbList\",\"@id\":\"https:\/\/salmafurniture.pt\/pt-pt\/politica-de-cookies\/#breadcrumb\",\"itemListElement\":[{\"@type\":\"ListItem\",\"position\":1,\"name\":\"In\u00edcio\",\"item\":\"https:\/\/salmafurniture.pt\/pt-pt\/\"},{\"@type\":\"ListItem\",\"position\":2,\"name\":\"Pol\u00edtica de Cookies\"}]},{\"@type\":\"WebSite\",\"@id\":\"https:\/\/salmafurniture.pt\/pt-pt\/#website\",\"url\":\"https:\/\/salmafurniture.pt\/pt-pt\/\",\"name\":\"Salma Furniture\",\"description\":\"\",\"publisher\":{\"@id\":\"https:\/\/salmafurniture.pt\/pt-pt\/#organization\"},\"potentialAction\":[{\"@type\":\"SearchAction\",\"target\":{\"@type\":\"EntryPoint\",\"urlTemplate\":\"https:\/\/salmafurniture.pt\/pt-pt\/?s={search_term_string}\"},\"query-input\":{\"@type\":\"PropertyValueSpecification\",\"valueRequired\":true,\"valueName\":\"search_term_string\"}}],\"inLanguage\":\"pt-PT\"},{\"@type\":\"Organization\",\"@id\":\"https:\/\/salmafurniture.pt\/pt-pt\/#organization\",\"name\":\"Salma Furniture\",\"url\":\"https:\/\/salmafurniture.pt\/pt-pt\/\",\"logo\":{\"@type\":\"ImageObject\",\"inLanguage\":\"pt-PT\",\"@id\":\"https:\/\/salmafurniture.pt\/pt-pt\/#\/schema\/logo\/image\/\",\"url\":\"https:\/\/salmafurniture.pt\/wp-content\/uploads\/2022\/02\/SALMA_logotipo.png\",\"contentUrl\":\"https:\/\/salmafurniture.pt\/wp-content\/uploads\/2022\/02\/SALMA_logotipo.png\",\"width\":301,\"height\":81,\"caption\":\"Salma Furniture\"},\"image\":{\"@id\":\"https:\/\/salmafurniture.pt\/pt-pt\/#\/schema\/logo\/image\/\"}}]}<\/script>\n<!-- \/ Yoast SEO plugin. -->","yoast_head_json":{"title":"Pol\u00edtica de Cookies - Salma Furniture","description":"A Salma \u00e9 um fabricante portugu\u00eas de mobili\u00e1rio de luxo feito \u00e0 medida, incluindo estofos, marcenaria e serralharia.","robots":{"index":"index","follow":"follow","max-snippet":"max-snippet:-1","max-image-preview":"max-image-preview:large","max-video-preview":"max-video-preview:-1"},"canonical":"https:\/\/salmafurniture.pt\/pt-pt\/politica-de-cookies\/","og_locale":"pt_PT","og_type":"article","og_title":"Pol\u00edtica de Cookies - Salma Furniture","og_description":"A Salma \u00e9 um fabricante portugu\u00eas de mobili\u00e1rio de luxo feito \u00e0 medida, incluindo estofos, marcenaria e serralharia.","og_url":"https:\/\/salmafurniture.pt\/pt-pt\/politica-de-cookies\/","og_site_name":"Salma Furniture","article_modified_time":"2023-07-19T14:23:26+00:00","twitter_card":"summary_large_image","twitter_misc":{"Tempo estimado de leitura":"3 minutos"},"schema":{"@context":"https:\/\/schema.org","@graph":[{"@type":"WebPage","@id":"https:\/\/salmafurniture.pt\/pt-pt\/politica-de-cookies\/","url":"https:\/\/salmafurniture.pt\/pt-pt\/politica-de-cookies\/","name":"Pol\u00edtica de Cookies - Salma Furniture","isPartOf":{"@id":"https:\/\/salmafurniture.pt\/pt-pt\/#website"},"datePublished":"2022-03-07T11:23:59+00:00","dateModified":"2023-07-19T14:23:26+00:00","description":"A Salma \u00e9 um fabricante portugu\u00eas de mobili\u00e1rio de luxo feito \u00e0 medida, incluindo estofos, marcenaria e serralharia.","breadcrumb":{"@id":"https:\/\/salmafurniture.pt\/pt-pt\/politica-de-cookies\/#breadcrumb"},"inLanguage":"pt-PT","potentialAction":[{"@type":"ReadAction","target":["https:\/\/salmafurniture.pt\/pt-pt\/politica-de-cookies\/"]}]},{"@type":"BreadcrumbList","@id":"https:\/\/salmafurniture.pt\/pt-pt\/politica-de-cookies\/#breadcrumb","itemListElement":[{"@type":"ListItem","position":1,"name":"In\u00edcio","item":"https:\/\/salmafurniture.pt\/pt-pt\/"},{"@type":"ListItem","position":2,"name":"Pol\u00edtica de Cookies"}]},{"@type":"WebSite","@id":"https:\/\/salmafurniture.pt\/pt-pt\/#website","url":"https:\/\/salmafurniture.pt\/pt-pt\/","name":"Salma Furniture","description":"","publisher":{"@id":"https:\/\/salmafurniture.pt\/pt-pt\/#organization"},"potentialAction":[{"@type":"SearchAction","target":{"@type":"EntryPoint","urlTemplate":"https:\/\/salmafurniture.pt\/pt-pt\/?s={search_term_string}"},"query-input":{"@type":"PropertyValueSpecification","valueRequired":true,"valueName":"search_term_string"}}],"inLanguage":"pt-PT"},{"@type":"Organization","@id":"https:\/\/salmafurniture.pt\/pt-pt\/#organization","name":"Salma Furniture","url":"https:\/\/salmafurniture.pt\/pt-pt\/","logo":{"@type":"ImageObject","inLanguage":"pt-PT","@id":"https:\/\/salmafurniture.pt\/pt-pt\/#\/schema\/logo\/image\/","url":"https:\/\/salmafurniture.pt\/wp-content\/uploads\/2022\/02\/SALMA_logotipo.png","contentUrl":"https:\/\/salmafurniture.pt\/wp-content\/uploads\/2022\/02\/SALMA_logotipo.png","width":301,"height":81,"caption":"Salma Furniture"},"image":{"@id":"https:\/\/salmafurniture.pt\/pt-pt\/#\/schema\/logo\/image\/"}}]}},"_links":{"self":[{"href":"https:\/\/salmafurniture.pt\/pt-pt\/wp-json\/wp\/v2\/pages\/9492","targetHints":{"allow":["GET"]}}],"collection":[{"href":"https:\/\/salmafurniture.pt\/pt-pt\/wp-json\/wp\/v2\/pages"}],"about":[{"href":"https:\/\/salmafurniture.pt\/pt-pt\/wp-json\/wp\/v2\/types\/page"}],"author":[{"embeddable":true,"href":"https:\/\/salmafurniture.pt\/pt-pt\/wp-json\/wp\/v2\/users\/1"}],"replies":[{"embeddable":true,"href":"https:\/\/salmafurniture.pt\/pt-pt\/wp-json\/wp\/v2\/comments?post=9492"}],"version-history":[{"count":0,"href":"https:\/\/salmafurniture.pt\/pt-pt\/wp-json\/wp\/v2\/pages\/9492\/revisions"}],"wp:attachment":[{"href":"https:\/\/salmafurniture.pt\/pt-pt\/wp-json\/wp\/v2\/media?parent=9492"}],"curies":[{"name":"wp","href":"https:\/\/api.w.org\/{rel}","templated":true}]}}