{"id":9501,"date":"2022-02-14T10:24:39","date_gmt":"2022-02-14T10:24:39","guid":{"rendered":"https:\/\/salmafurniture.pt\/minha-conta\/"},"modified":"2023-07-19T14:23:26","modified_gmt":"2023-07-19T14:23:26","slug":"minha-conta","status":"publish","type":"page","link":"https:\/\/salmafurniture.pt\/pt-pt\/minha-conta\/","title":{"rendered":"Minha conta"},"content":{"rendered":"\t\t<div data-elementor-type=\"wp-page\" data-elementor-id=\"9501\" class=\"elementor elementor-9501 elementor-12\">\n\t\t\t\t\t\t<section class=\"elementor-section elementor-top-section elementor-element elementor-element-c00b964 elementor-section-boxed elementor-section-height-default elementor-section-height-default qodef-elementor-content-no qodef-elementor-overlay-no\" data-id=\"c00b964\" data-element_type=\"section\">\n\t\t\t\t\t\t<div class=\"elementor-container elementor-column-gap-default\">\n\t\t\t\t\t<div class=\"elementor-column elementor-col-100 elementor-top-column elementor-element elementor-element-2ba62e0b\" data-id=\"2ba62e0b\" data-element_type=\"column\">\n\t\t\t<div class=\"elementor-widget-wrap elementor-element-populated\">\n\t\t\t\t\t\t<div class=\"elementor-element elementor-element-32185c8b elementor-widget elementor-widget-text-editor\" data-id=\"32185c8b\" data-element_type=\"widget\" data-widget_type=\"text-editor.default\">\n\t\t\t\t<div class=\"elementor-widget-container\">\n\t\t\t\t\t\t\t\t\t<div class=\"woocommerce\"><\/div>\n\t\t\t\t\t\t\t\t<\/div>\n\t\t\t\t<\/div>\n\t\t\t\t\t<\/div>\n\t\t<\/div>\n\t\t\t\t\t<\/div>\n\t\t<\/section>\n\t\t\t\t<section class=\"elementor-section elementor-top-section elementor-element elementor-element-f0013f0 registration_form elementor-section-boxed elementor-section-height-default elementor-section-height-default qodef-elementor-content-no qodef-elementor-overlay-no\" data-id=\"f0013f0\" data-element_type=\"section\">\n\t\t\t\t\t\t<div class=\"elementor-container elementor-column-gap-default\">\n\t\t\t\t\t<div class=\"elementor-column elementor-col-100 elementor-top-column elementor-element elementor-element-f5fe5b1\" data-id=\"f5fe5b1\" data-element_type=\"column\">\n\t\t\t<div class=\"elementor-widget-wrap elementor-element-populated\">\n\t\t\t\t\t\t<div class=\"elementor-element elementor-element-799f85a elementor-widget elementor-widget-heading\" data-id=\"799f85a\" data-element_type=\"widget\" data-widget_type=\"heading.default\">\n\t\t\t\t<div class=\"elementor-widget-container\">\n\t\t\t\t\t<h2 class=\"elementor-heading-title elementor-size-default\">Registo<\/h2>\t\t\t\t<\/div>\n\t\t\t\t<\/div>\n\t\t\t\t<div class=\"elementor-element elementor-element-37a7bb0 elementor-widget elementor-widget-shortcode\" data-id=\"37a7bb0\" data-element_type=\"widget\" data-widget_type=\"shortcode.default\">\n\t\t\t\t<div class=\"elementor-widget-container\">\n\t\t\t\t\t\t\t<div class=\"elementor-shortcode\">\n<div class=\"wpcf7 no-js\" id=\"wpcf7-f10254-o1\" lang=\"pt-PT\" dir=\"ltr\" data-wpcf7-id=\"10254\">\n<div class=\"screen-reader-response\"><p role=\"status\" aria-live=\"polite\" aria-atomic=\"true\"><\/p> <ul><\/ul><\/div>\n<form action=\"\/pt-pt\/wp-json\/wp\/v2\/pages\/9501#wpcf7-f10254-o1\" method=\"post\" class=\"wpcf7-form init\" aria-label=\"Formul\u00e1rio de contacto\" novalidate=\"novalidate\" data-status=\"init\">\n<fieldset class=\"hidden-fields-container\"><input type=\"hidden\" name=\"_wpcf7\" value=\"10254\" \/><input type=\"hidden\" name=\"_wpcf7_version\" value=\"6.1.4\" \/><input type=\"hidden\" name=\"_wpcf7_locale\" value=\"pt_PT\" \/><input type=\"hidden\" name=\"_wpcf7_unit_tag\" value=\"wpcf7-f10254-o1\" \/><input type=\"hidden\" name=\"_wpcf7_container_post\" value=\"0\" \/><input type=\"hidden\" name=\"_wpcf7_posted_data_hash\" value=\"\" \/><input type=\"hidden\" name=\"_wpcf7_recaptcha_response\" value=\"\" \/>\n<\/fieldset>\n<label> Primeiro Nome\n    <span class=\"wpcf7-form-control-wrap\" data-name=\"first-name\"><input size=\"40\" maxlength=\"400\" class=\"wpcf7-form-control wpcf7-text wpcf7-validates-as-required\" autocomplete=\"name\" aria-required=\"true\" aria-invalid=\"false\" value=\"\" type=\"text\" name=\"first-name\" \/><\/span> <\/label>\n\n<label> \u00daltimo Nome\n    <span class=\"wpcf7-form-control-wrap\" data-name=\"last-name\"><input size=\"40\" maxlength=\"400\" class=\"wpcf7-form-control wpcf7-text wpcf7-validates-as-required\" autocomplete=\"name\" aria-required=\"true\" aria-invalid=\"false\" value=\"\" type=\"text\" name=\"last-name\" \/><\/span> <\/label>\n\n<label> Email\n    <span class=\"wpcf7-form-control-wrap\" data-name=\"your-email\"><input size=\"40\" maxlength=\"400\" class=\"wpcf7-form-control wpcf7-email wpcf7-validates-as-required wpcf7-text wpcf7-validates-as-email\" autocomplete=\"email\" aria-required=\"true\" aria-invalid=\"false\" value=\"\" type=\"email\" name=\"your-email\" \/><\/span> <\/label>\n\n<label> Telefone (opcional)\n    <span class=\"wpcf7-form-control-wrap\" data-name=\"your-phone\"><input size=\"40\" maxlength=\"400\" class=\"wpcf7-form-control wpcf7-tel wpcf7-text wpcf7-validates-as-tel\" aria-invalid=\"false\" value=\"\" type=\"tel\" name=\"your-phone\" \/><\/span> <\/label>\n\n<label> Pa\u00eds \n    <span class=\"wpcf7-form-control-wrap\" data-name=\"your-country\"><input size=\"40\" maxlength=\"400\" class=\"wpcf7-form-control wpcf7-text wpcf7-validates-as-required\" aria-required=\"true\" aria-invalid=\"false\" value=\"\" type=\"text\" name=\"your-country\" \/><\/span> <\/label>\n\n<label> Profiss\u00e3o\n    <span class=\"wpcf7-form-control-wrap\" data-name=\"your-profession\"><input size=\"40\" maxlength=\"400\" class=\"wpcf7-form-control wpcf7-text wpcf7-validates-as-required\" aria-required=\"true\" aria-invalid=\"false\" value=\"\" type=\"text\" name=\"your-profession\" \/><\/span> <\/label>\n\n<label> Empresa\n    <span class=\"wpcf7-form-control-wrap\" data-name=\"your-company\"><input size=\"40\" maxlength=\"400\" class=\"wpcf7-form-control wpcf7-text wpcf7-validates-as-required\" aria-required=\"true\" aria-invalid=\"false\" value=\"\" type=\"text\" name=\"your-company\" \/><\/span> <\/label>\n\n<label> Website\n    <span class=\"wpcf7-form-control-wrap\" data-name=\"your-website\"><input size=\"40\" maxlength=\"400\" class=\"wpcf7-form-control wpcf7-text wpcf7-validates-as-required\" aria-required=\"true\" aria-invalid=\"false\" value=\"\" type=\"text\" name=\"your-website\" \/><\/span> <\/label>\n\n<button class=\"wpcf7-form-control wpcf7-submit qodef-button qodef-size--normal qodef-layout--filled qodef-m\" type=\"submit\"><span class=\"qodef-m-text\">Request<\/span><\/button><div class=\"wpcf7-response-output\" aria-hidden=\"true\"><\/div>\n<\/form>\n<\/div>\n<\/div>\n\t\t\t\t\t\t<\/div>\n\t\t\t\t<\/div>\n\t\t\t\t\t<\/div>\n\t\t<\/div>\n\t\t\t\t\t<\/div>\n\t\t<\/section>\n\t\t\t\t<\/div>\n\t\t","protected":false},"excerpt":{"rendered":"<p>Registo<\/p>\n","protected":false},"author":1,"featured_media":0,"parent":0,"menu_order":0,"comment_status":"closed","ping_status":"closed","template":"","meta":{"_acf_changed":false,"_monsterinsights_skip_tracking":false,"_monsterinsights_sitenote_active":false,"_monsterinsights_sitenote_note":"","_monsterinsights_sitenote_category":0,"footnotes":""},"class_list":["post-9501","page","type-page","status-publish","hentry"],"acf":[],"yoast_head":"<!-- This site is optimized with the Yoast SEO plugin v26.7 - https:\/\/yoast.com\/wordpress\/plugins\/seo\/ -->\n<title>Minha conta - Salma Furniture<\/title>\n<meta name=\"description\" content=\"A Salma \u00e9 um fabricante portugu\u00eas de mobili\u00e1rio de luxo feito \u00e0 medida, incluindo estofos, marcenaria e serralharia.\" \/>\n<meta name=\"robots\" content=\"index, follow, max-snippet:-1, max-image-preview:large, max-video-preview:-1\" \/>\n<link rel=\"canonical\" href=\"https:\/\/salmafurniture.pt\/pt-pt\/minha-conta\/\" \/>\n<meta property=\"og:locale\" content=\"pt_PT\" \/>\n<meta property=\"og:type\" content=\"article\" \/>\n<meta property=\"og:title\" content=\"Minha conta - Salma Furniture\" \/>\n<meta property=\"og:description\" content=\"A Salma \u00e9 um fabricante portugu\u00eas de mobili\u00e1rio de luxo feito \u00e0 medida, incluindo estofos, marcenaria e serralharia.\" \/>\n<meta property=\"og:url\" content=\"https:\/\/salmafurniture.pt\/pt-pt\/minha-conta\/\" \/>\n<meta property=\"og:site_name\" content=\"Salma Furniture\" \/>\n<meta property=\"article:modified_time\" content=\"2023-07-19T14:23:26+00:00\" \/>\n<meta name=\"twitter:card\" content=\"summary_large_image\" \/>\n<script type=\"application\/ld+json\" class=\"yoast-schema-graph\">{\"@context\":\"https:\/\/schema.org\",\"@graph\":[{\"@type\":\"WebPage\",\"@id\":\"https:\/\/salmafurniture.pt\/pt-pt\/minha-conta\/\",\"url\":\"https:\/\/salmafurniture.pt\/pt-pt\/minha-conta\/\",\"name\":\"Minha conta - Salma Furniture\",\"isPartOf\":{\"@id\":\"https:\/\/salmafurniture.pt\/pt-pt\/#website\"},\"datePublished\":\"2022-02-14T10:24:39+00:00\",\"dateModified\":\"2023-07-19T14:23:26+00:00\",\"description\":\"A Salma \u00e9 um fabricante portugu\u00eas de mobili\u00e1rio de luxo feito \u00e0 medida, incluindo estofos, marcenaria e serralharia.\",\"breadcrumb\":{\"@id\":\"https:\/\/salmafurniture.pt\/pt-pt\/minha-conta\/#breadcrumb\"},\"inLanguage\":\"pt-PT\",\"potentialAction\":[{\"@type\":\"ReadAction\",\"target\":[\"https:\/\/salmafurniture.pt\/pt-pt\/minha-conta\/\"]}]},{\"@type\":\"BreadcrumbList\",\"@id\":\"https:\/\/salmafurniture.pt\/pt-pt\/minha-conta\/#breadcrumb\",\"itemListElement\":[{\"@type\":\"ListItem\",\"position\":1,\"name\":\"In\u00edcio\",\"item\":\"https:\/\/salmafurniture.pt\/pt-pt\/\"},{\"@type\":\"ListItem\",\"position\":2,\"name\":\"Minha conta\"}]},{\"@type\":\"WebSite\",\"@id\":\"https:\/\/salmafurniture.pt\/pt-pt\/#website\",\"url\":\"https:\/\/salmafurniture.pt\/pt-pt\/\",\"name\":\"Salma Furniture\",\"description\":\"\",\"publisher\":{\"@id\":\"https:\/\/salmafurniture.pt\/pt-pt\/#organization\"},\"potentialAction\":[{\"@type\":\"SearchAction\",\"target\":{\"@type\":\"EntryPoint\",\"urlTemplate\":\"https:\/\/salmafurniture.pt\/pt-pt\/?s={search_term_string}\"},\"query-input\":{\"@type\":\"PropertyValueSpecification\",\"valueRequired\":true,\"valueName\":\"search_term_string\"}}],\"inLanguage\":\"pt-PT\"},{\"@type\":\"Organization\",\"@id\":\"https:\/\/salmafurniture.pt\/pt-pt\/#organization\",\"name\":\"Salma Furniture\",\"url\":\"https:\/\/salmafurniture.pt\/pt-pt\/\",\"logo\":{\"@type\":\"ImageObject\",\"inLanguage\":\"pt-PT\",\"@id\":\"https:\/\/salmafurniture.pt\/pt-pt\/#\/schema\/logo\/image\/\",\"url\":\"https:\/\/salmafurniture.pt\/wp-content\/uploads\/2022\/02\/SALMA_logotipo.png\",\"contentUrl\":\"https:\/\/salmafurniture.pt\/wp-content\/uploads\/2022\/02\/SALMA_logotipo.png\",\"width\":301,\"height\":81,\"caption\":\"Salma Furniture\"},\"image\":{\"@id\":\"https:\/\/salmafurniture.pt\/pt-pt\/#\/schema\/logo\/image\/\"}}]}<\/script>\n<!-- \/ Yoast SEO plugin. -->","yoast_head_json":{"title":"Minha conta - Salma Furniture","description":"A Salma \u00e9 um fabricante portugu\u00eas de mobili\u00e1rio de luxo feito \u00e0 medida, incluindo estofos, marcenaria e serralharia.","robots":{"index":"index","follow":"follow","max-snippet":"max-snippet:-1","max-image-preview":"max-image-preview:large","max-video-preview":"max-video-preview:-1"},"canonical":"https:\/\/salmafurniture.pt\/pt-pt\/minha-conta\/","og_locale":"pt_PT","og_type":"article","og_title":"Minha conta - Salma Furniture","og_description":"A Salma \u00e9 um fabricante portugu\u00eas de mobili\u00e1rio de luxo feito \u00e0 medida, incluindo estofos, marcenaria e serralharia.","og_url":"https:\/\/salmafurniture.pt\/pt-pt\/minha-conta\/","og_site_name":"Salma Furniture","article_modified_time":"2023-07-19T14:23:26+00:00","twitter_card":"summary_large_image","schema":{"@context":"https:\/\/schema.org","@graph":[{"@type":"WebPage","@id":"https:\/\/salmafurniture.pt\/pt-pt\/minha-conta\/","url":"https:\/\/salmafurniture.pt\/pt-pt\/minha-conta\/","name":"Minha conta - Salma Furniture","isPartOf":{"@id":"https:\/\/salmafurniture.pt\/pt-pt\/#website"},"datePublished":"2022-02-14T10:24:39+00:00","dateModified":"2023-07-19T14:23:26+00:00","description":"A Salma \u00e9 um fabricante portugu\u00eas de mobili\u00e1rio de luxo feito \u00e0 medida, incluindo estofos, marcenaria e serralharia.","breadcrumb":{"@id":"https:\/\/salmafurniture.pt\/pt-pt\/minha-conta\/#breadcrumb"},"inLanguage":"pt-PT","potentialAction":[{"@type":"ReadAction","target":["https:\/\/salmafurniture.pt\/pt-pt\/minha-conta\/"]}]},{"@type":"BreadcrumbList","@id":"https:\/\/salmafurniture.pt\/pt-pt\/minha-conta\/#breadcrumb","itemListElement":[{"@type":"ListItem","position":1,"name":"In\u00edcio","item":"https:\/\/salmafurniture.pt\/pt-pt\/"},{"@type":"ListItem","position":2,"name":"Minha conta"}]},{"@type":"WebSite","@id":"https:\/\/salmafurniture.pt\/pt-pt\/#website","url":"https:\/\/salmafurniture.pt\/pt-pt\/","name":"Salma Furniture","description":"","publisher":{"@id":"https:\/\/salmafurniture.pt\/pt-pt\/#organization"},"potentialAction":[{"@type":"SearchAction","target":{"@type":"EntryPoint","urlTemplate":"https:\/\/salmafurniture.pt\/pt-pt\/?s={search_term_string}"},"query-input":{"@type":"PropertyValueSpecification","valueRequired":true,"valueName":"search_term_string"}}],"inLanguage":"pt-PT"},{"@type":"Organization","@id":"https:\/\/salmafurniture.pt\/pt-pt\/#organization","name":"Salma Furniture","url":"https:\/\/salmafurniture.pt\/pt-pt\/","logo":{"@type":"ImageObject","inLanguage":"pt-PT","@id":"https:\/\/salmafurniture.pt\/pt-pt\/#\/schema\/logo\/image\/","url":"https:\/\/salmafurniture.pt\/wp-content\/uploads\/2022\/02\/SALMA_logotipo.png","contentUrl":"https:\/\/salmafurniture.pt\/wp-content\/uploads\/2022\/02\/SALMA_logotipo.png","width":301,"height":81,"caption":"Salma Furniture"},"image":{"@id":"https:\/\/salmafurniture.pt\/pt-pt\/#\/schema\/logo\/image\/"}}]}},"_links":{"self":[{"href":"https:\/\/salmafurniture.pt\/pt-pt\/wp-json\/wp\/v2\/pages\/9501","targetHints":{"allow":["GET"]}}],"collection":[{"href":"https:\/\/salmafurniture.pt\/pt-pt\/wp-json\/wp\/v2\/pages"}],"about":[{"href":"https:\/\/salmafurniture.pt\/pt-pt\/wp-json\/wp\/v2\/types\/page"}],"author":[{"embeddable":true,"href":"https:\/\/salmafurniture.pt\/pt-pt\/wp-json\/wp\/v2\/users\/1"}],"replies":[{"embeddable":true,"href":"https:\/\/salmafurniture.pt\/pt-pt\/wp-json\/wp\/v2\/comments?post=9501"}],"version-history":[{"count":0,"href":"https:\/\/salmafurniture.pt\/pt-pt\/wp-json\/wp\/v2\/pages\/9501\/revisions"}],"wp:attachment":[{"href":"https:\/\/salmafurniture.pt\/pt-pt\/wp-json\/wp\/v2\/media?parent=9501"}],"curies":[{"name":"wp","href":"https:\/\/api.w.org\/{rel}","templated":true}]}}