{"id":9503,"date":"2022-02-11T15:39:51","date_gmt":"2022-02-11T15:39:51","guid":{"rendered":"https:\/\/salmafurniture.pt\/politica-de-privacidade\/"},"modified":"2023-07-19T14:23:27","modified_gmt":"2023-07-19T14:23:27","slug":"politica-de-privacidade","status":"publish","type":"page","link":"https:\/\/salmafurniture.pt\/pt-pt\/politica-de-privacidade\/","title":{"rendered":"Pol\u00edtica de Privacidade"},"content":{"rendered":"\t\t<div data-elementor-type=\"wp-page\" data-elementor-id=\"9503\" class=\"elementor elementor-9503 elementor-3\">\n\t\t\t\t\t\t<section class=\"elementor-section elementor-top-section elementor-element elementor-element-6ee9f236 elementor-section-boxed elementor-section-height-default elementor-section-height-default qodef-elementor-content-no qodef-elementor-overlay-no\" data-id=\"6ee9f236\" data-element_type=\"section\">\n\t\t\t\t\t\t<div class=\"elementor-container elementor-column-gap-default\">\n\t\t\t\t\t<div class=\"elementor-column elementor-col-100 elementor-top-column elementor-element elementor-element-75916d0\" data-id=\"75916d0\" data-element_type=\"column\">\n\t\t\t<div class=\"elementor-widget-wrap elementor-element-populated\">\n\t\t\t\t\t\t<div class=\"elementor-element elementor-element-1cd91ef7 elementor-widget elementor-widget-text-editor\" data-id=\"1cd91ef7\" data-element_type=\"widget\" data-widget_type=\"text-editor.default\">\n\t\t\t\t<div class=\"elementor-widget-container\">\n\t\t\t\t\t\t\t\t\t<h2>1. \u00c2mbito geral<\/h2>\n<p>A Salma Furniture Unipessoal Lda, doravante Salma Furniture, com sede na Rua de Vila Nova n\u00ba10, 3770-357 Palha\u00e7a, com o NIPC 510645887 \u00e9 respons\u00e1vel por este Website. A presente pol\u00edtica de privacidade abrange este website, assim como outros sites que mencionem a dita pol\u00edtica.<\/p>\n<p>A Salma Furniture compromete-se a respeitar a privacidade do Utilizador e a processar os seus dados pessoais de uma forma cuidadosa e confidencial, de acordo com as leis aplic\u00e1veis. Os dados n\u00e3o ser\u00e3o processados para quaisquer outros fins que n\u00e3o os aqui especificados. Toda a sua informa\u00e7\u00e3o pessoal (nome, morada etc.) s\u00f3 ser\u00e1 usada para garantir uma boa comunica\u00e7\u00e3o, troca de informa\u00e7\u00f5es e a\u00e7\u00f5es de marketing.<\/p>\n<p><span style=\"font-weight: 400;\">N\u00e3o passamos a sua informa\u00e7\u00e3o a terceiros e n\u00e3o enviamos \u201cjunk mail\u201d nem outros emails n\u00e3o solicitados.<\/span><\/p>\n<p><span style=\"font-weight: 400;\">A Salma Furniture reserva-se o direito de atualizar ou modificar a sua Pol\u00edtica de Privacidade a qualquer momento, nomeadamente, de forma a adapt\u00e1-la a altera\u00e7\u00f5es legislativas. O Utilizador \u00e9, assim, aconselhado a visitar esta p\u00e1gina regularmente.<\/span><\/p>\n<h2>2. Consentimento<\/h2>\n<p>Ao utilizar este website est\u00e1 a dar o seu consentimento para a recolha e utiliza\u00e7\u00e3o das informa\u00e7\u00f5es que submete\/envia.<\/p>\n<p><span style=\"font-weight: 400;\">Salma Furniture pode, a qualquer momento, modificar, adicionar ou eliminar qualquer uma das pol\u00edticas de privacidade do seu website (www.salmafurniture.pt) atrav\u00e9s da atualiza\u00e7\u00e3o do conte\u00fado desta p\u00e1gina.<\/span><\/p>\n<h2>3. Tipo de dados s\u00e3o recolhidos?<\/h2>\n<p>A Salma Furniture recolhe dados sobre as empresas e\/ou particulares que s\u00e3o suas clientes, e respetivos colaboradores, nomeadamente nome e e-mail.<\/p>\n<h2>4. Finalidade<\/h2>\n<p>Os dados recolhidos no website destinam-se \u00e0 comunica\u00e7\u00e3o com os Clientes, processamento de pedidos de informa\u00e7\u00e3o, an\u00e1lise estat\u00edstica, bem como, eventual utiliza\u00e7\u00e3o para efeitos de marketing direto.<\/p>\n<h2>5. Marketing Direto<\/h2>\n<p>A Salma Furniture poder\u00e1 utilizar os seus dados pessoais para lhe enviar qualquer correio n\u00e3o solicitado relacionado com produtos ou ofertas comerciais que possam ser do seu interesse. A Salma Furniture n\u00e3o vende nem negoceia os seus dados.<\/p>\n<p><span style=\"font-weight: 400;\">O cliente autoriza expressamente a Salma Furniture a enviar informa\u00e7\u00e3o sobre produtos e servi\u00e7os que possam ser do seu interesse, utilizando os seus dados pessoais para efeitos de marketing direto, atrav\u00e9s de qualquer canal de comunica\u00e7\u00e3o, nomeadamente mediante a utiliza\u00e7\u00e3o de correio eletr\u00f3nico, telefone, SMS ou MMS. A Salma Furniture n\u00e3o comercializar\u00e1 nem partilhar\u00e1 a sua base de dados de clientes com terceiros.<\/span><\/p>\n<h2>6. Acesso aos dados pessoais do Utilizador<\/h2>\n<p>A Salma Furniture n\u00e3o divulga a terceiros quaisquer dados pessoais dos seus Clientes e Utilizadores, sem o seu consentimento.<\/p>\n<p><span style=\"font-weight: 400;\">A Salma Furniture adotar\u00e1 as precau\u00e7\u00f5es razo\u00e1veis para garantir que os seus funcion\u00e1rios ou colaboradores, com acesso a dados pessoais, recebam forma\u00e7\u00e3o adequada ao seu correto processamento, com respeito pela presente pol\u00edtica e pelas obriga\u00e7\u00f5es legais de prote\u00e7\u00e3o de dados. No caso de incumprimento, a Salma Furniture aplicar\u00e1 san\u00e7\u00f5es disciplinares aos seus funcion\u00e1rios e colaboradores.<\/span><\/p>\n<p><span style=\"font-weight: 400;\">Sempre que a Salma Furniture divulgar os dados pessoais do Utilizador salvaguardar\u00e1 o cumprimento da Lei da Prote\u00e7\u00e3o de Dados Pessoais, nomeadamente atrav\u00e9s da previs\u00e3o de disposi\u00e7\u00f5es contratuais que garantam que o terceiro utiliza os dados recebidos somente para as finalidades especificadas, e em conformidade com os fins descritos nesta pol\u00edtica, e que faz uso de meios de seguran\u00e7a adequados, de forma a proteger os dados pessoais do Utilizador contra tratamentos ilegais ou n\u00e3o autorizados bem como contra a sua perda acidental, destrui\u00e7\u00e3o ou outras a\u00e7\u00f5es danosas.<\/span><\/p>\n<h2>7. Local onde s\u00e3o guardados os dados do Utilizador<\/h2>\n<p>A Salma Furniture guarda os dados dos seus clientes e Utilizadores nos seus servidores localizados em Portugal. Estes servidores s\u00e3o protegidos e mantidos de acordo com standards elevados de seguran\u00e7a e por forma a respeitar as leis de privacidade aplic\u00e1veis.<\/p>\n<h2>8. Seguran\u00e7a dos dados do Utilizador<\/h2>\n<p>A Salma Furniture tomou as medidas t\u00e9cnicas e organizacionais necess\u00e1rias para proteger, de forma adequada, os seus dados relativamente a processamento e acesso n\u00e3o autorizado.<\/p>\n<p><span style=\"font-weight: 400;\">A Salma Furniture desenvolve todos os esfor\u00e7os razo\u00e1veis adequados para evitar a utiliza\u00e7\u00e3o n\u00e3o autorizada ou ilegal dos dados pessoais do Utilizador, bem como a sua perda, destrui\u00e7\u00e3o ou danifica\u00e7\u00e3o. No entanto, a Salma Furniture n\u00e3o pode fornecer uma garantia de seguran\u00e7a absoluta relativamente aos dados do Utilizador.<\/span><\/p>\n<p><span style=\"font-weight: 400;\">A Salma Furniture protege a seguran\u00e7a dos dados pessoais do Utilizador atrav\u00e9s dos seguintes meios:<\/span><\/p>\n<ol style=\"margin-left: 35px;\">\n<li style=\"font-weight: 400;\" aria-level=\"1\"><span style=\"font-weight: 400;\">uso de encripta\u00e7\u00e3o com certificado em todas as comunica\u00e7\u00f5es do website;<\/span><\/li>\n<li style=\"font-weight: 400;\" aria-level=\"1\"><span style=\"font-weight: 400;\">uso de password para acesso ao website;<\/span><\/li>\n<li style=\"font-weight: 400;\" aria-level=\"1\"><span style=\"font-weight: 400;\">limita\u00e7\u00e3o do acesso aos dados pessoais (por exemplo, acesso s\u00f3 aos funcion\u00e1rios ou trabalhadores da Salma Furniture que necessitem de lhes aceder para os fins acima descritos).<\/span><\/li>\n<\/ol>\n<h2>9. Prazo de conserva\u00e7\u00e3o dos dados<\/h2>\n<p>Os seus dados ser\u00e3o mantidos e guardados a contar da concess\u00e3o deste consentimento e por um per\u00edodo de 3 anos, findos os quais, ser\u00e3o alvo de pedido de renova\u00e7\u00e3o.<\/p>\n<h2>10. Links no website<\/h2>\n<p>O website da Salma Furniture pode conter links para outros websites e endere\u00e7os de e-mail de empresas n\u00e3o pertencentes \u00e0 Salma Furniture. A presente Pol\u00edtica de Privacidade n\u00e3o se aplica a esses websites e endere\u00e7os de e-mail.<\/p>\n<p><span style=\"font-weight: 400;\">Se utilizar um link dispon\u00edvel neste website para outro website e fornecer dados pessoais nesse site, o processamento dos dados estar\u00e1 sujeito \u00e0 declara\u00e7\u00e3o de privacidade desse website.<\/span><\/p>\n<h2>11. Cookies<\/h2>\n<p><span style=\"font-weight: 400;\">O website da Salma Furniture utiliza cookies em determinadas \u00e1reas.<\/span><\/p>\n<p><span style=\"font-weight: 400;\">Os cookies s\u00e3o ficheiros que armazenam informa\u00e7\u00f5es no disco r\u00edgido ou browser do Utilizador, permitindo que os websites o reconhe\u00e7am e saibam que j\u00e1 os visitou anteriormente.<\/span><\/p>\n<p><span style=\"font-weight: 400;\">O Utilizador pode configurar o seu browser para recusar os cookies, por\u00e9m nesse caso, o website, ou partes do mesmo, podem n\u00e3o funcionar corretamente, ou ficarem mais lentos.<\/span><\/p>\n<p><span style=\"font-weight: 400;\">Os cookies s\u00e3o utilizados para monitorizar e analisar a utiliza\u00e7\u00e3o do website, permitindo \u00e0 Salma Furniture identificar e servir melhor o Utilizador.<\/span><\/p>\n<p><span style=\"font-weight: 400;\">A Salma Furniture n\u00e3o partilha cookies com terceiros, incluindo fornecedores externos de dados ou websites.<\/span><\/p>\n<h2>12. Direitos do Utilizador no que respeita aos dados<\/h2>\n<p><span style=\"font-weight: 400;\">De acordo com Lei da Prote\u00e7\u00e3o de Dados Pessoais, o Utilizador tem direito a obter informa\u00e7\u00f5es sobre os seus dados pessoais. Tem o direito de saber que dados pessoais foram processados pela Salma Furniture, podendo tamb\u00e9m requerer \u00e0 Salma Furniture para corrigir, complementar, bloquear ou eliminar os dados, total ou parcialmente, no caso de se revelarem incompletos, incorretos ou irrelevantes para efeitos de processamento.<\/span><\/p>\n<p><span style=\"font-weight: 400;\">A atualiza\u00e7\u00e3o de dados dever\u00e1 ser efetuada pelo pr\u00f3prio cliente atrav\u00e9s do e-mail: info@salmafurniture.pt<\/span><\/p>\n<p><span style=\"font-weight: 400;\">Caso deseje, a qualquer momento, deixar de fazer parte da base de dados da Salma Furniture poder\u00e1 exercer esse direito, contactando-nos atrav\u00e9s dos seguintes meios:<\/span><\/p>\n<p><strong>Carta:<\/strong> Rua de Vila Nova, n\u00ba10<\/p>\n<p>3770-357 Palha\u00e7a<\/p>\n<p><strong>E-mail:<\/strong> <span style=\"font-weight: 400;\">info@salmafurniture.pt<\/span><\/p>\n<p><strong>Site:<\/strong> www.salmafurniture.pt<\/p>\t\t\t\t\t\t\t\t<\/div>\n\t\t\t\t<\/div>\n\t\t\t\t\t<\/div>\n\t\t<\/div>\n\t\t\t\t\t<\/div>\n\t\t<\/section>\n\t\t\t\t<\/div>\n\t\t","protected":false},"excerpt":{"rendered":"<p>1. \u00c2mbito geral A Salma Furniture Unipessoal Lda, doravante Salma Furniture, com sede na Rua de Vila Nova n\u00ba10, 3770-357 Palha\u00e7a, com o NIPC 510645887 \u00e9 respons\u00e1vel por este Website. A presente pol\u00edtica de privacidade abrange este website, assim como outros sites que mencionem a dita pol\u00edtica. A Salma Furniture compromete-se a respeitar a privacidade [&hellip;]<\/p>\n","protected":false},"author":1,"featured_media":0,"parent":0,"menu_order":0,"comment_status":"closed","ping_status":"closed","template":"","meta":{"_acf_changed":false,"_monsterinsights_skip_tracking":false,"_monsterinsights_sitenote_active":false,"_monsterinsights_sitenote_note":"","_monsterinsights_sitenote_category":0,"footnotes":""},"class_list":["post-9503","page","type-page","status-publish","hentry"],"acf":[],"yoast_head":"<!-- This site is optimized with the Yoast SEO plugin v26.7 - https:\/\/yoast.com\/wordpress\/plugins\/seo\/ -->\n<title>Pol\u00edtica de Privacidade - Salma Furniture<\/title>\n<meta name=\"description\" content=\"A Salma \u00e9 um fabricante portugu\u00eas de mobili\u00e1rio de luxo feito \u00e0 medida, incluindo estofos, marcenaria e serralharia.\" \/>\n<meta name=\"robots\" content=\"index, follow, max-snippet:-1, max-image-preview:large, max-video-preview:-1\" \/>\n<link rel=\"canonical\" href=\"https:\/\/salmafurniture.pt\/pt-pt\/politica-de-privacidade\/\" \/>\n<meta property=\"og:locale\" content=\"pt_PT\" \/>\n<meta property=\"og:type\" content=\"article\" \/>\n<meta property=\"og:title\" content=\"Pol\u00edtica de Privacidade - Salma Furniture\" \/>\n<meta property=\"og:description\" content=\"A Salma \u00e9 um fabricante portugu\u00eas de mobili\u00e1rio de luxo feito \u00e0 medida, incluindo estofos, marcenaria e serralharia.\" \/>\n<meta property=\"og:url\" content=\"https:\/\/salmafurniture.pt\/pt-pt\/politica-de-privacidade\/\" \/>\n<meta property=\"og:site_name\" content=\"Salma Furniture\" \/>\n<meta property=\"article:modified_time\" content=\"2023-07-19T14:23:27+00:00\" \/>\n<meta name=\"twitter:card\" content=\"summary_large_image\" \/>\n<meta name=\"twitter:label1\" content=\"Tempo estimado de leitura\" \/>\n\t<meta name=\"twitter:data1\" content=\"6 minutos\" \/>\n<script type=\"application\/ld+json\" class=\"yoast-schema-graph\">{\"@context\":\"https:\/\/schema.org\",\"@graph\":[{\"@type\":\"WebPage\",\"@id\":\"https:\/\/salmafurniture.pt\/pt-pt\/politica-de-privacidade\/\",\"url\":\"https:\/\/salmafurniture.pt\/pt-pt\/politica-de-privacidade\/\",\"name\":\"Pol\u00edtica de Privacidade - Salma Furniture\",\"isPartOf\":{\"@id\":\"https:\/\/salmafurniture.pt\/pt-pt\/#website\"},\"datePublished\":\"2022-02-11T15:39:51+00:00\",\"dateModified\":\"2023-07-19T14:23:27+00:00\",\"description\":\"A Salma \u00e9 um fabricante portugu\u00eas de mobili\u00e1rio de luxo feito \u00e0 medida, incluindo estofos, marcenaria e serralharia.\",\"breadcrumb\":{\"@id\":\"https:\/\/salmafurniture.pt\/pt-pt\/politica-de-privacidade\/#breadcrumb\"},\"inLanguage\":\"pt-PT\",\"potentialAction\":[{\"@type\":\"ReadAction\",\"target\":[\"https:\/\/salmafurniture.pt\/pt-pt\/politica-de-privacidade\/\"]}]},{\"@type\":\"BreadcrumbList\",\"@id\":\"https:\/\/salmafurniture.pt\/pt-pt\/politica-de-privacidade\/#breadcrumb\",\"itemListElement\":[{\"@type\":\"ListItem\",\"position\":1,\"name\":\"In\u00edcio\",\"item\":\"https:\/\/salmafurniture.pt\/pt-pt\/\"},{\"@type\":\"ListItem\",\"position\":2,\"name\":\"Pol\u00edtica de Privacidade\"}]},{\"@type\":\"WebSite\",\"@id\":\"https:\/\/salmafurniture.pt\/pt-pt\/#website\",\"url\":\"https:\/\/salmafurniture.pt\/pt-pt\/\",\"name\":\"Salma Furniture\",\"description\":\"\",\"publisher\":{\"@id\":\"https:\/\/salmafurniture.pt\/pt-pt\/#organization\"},\"potentialAction\":[{\"@type\":\"SearchAction\",\"target\":{\"@type\":\"EntryPoint\",\"urlTemplate\":\"https:\/\/salmafurniture.pt\/pt-pt\/?s={search_term_string}\"},\"query-input\":{\"@type\":\"PropertyValueSpecification\",\"valueRequired\":true,\"valueName\":\"search_term_string\"}}],\"inLanguage\":\"pt-PT\"},{\"@type\":\"Organization\",\"@id\":\"https:\/\/salmafurniture.pt\/pt-pt\/#organization\",\"name\":\"Salma Furniture\",\"url\":\"https:\/\/salmafurniture.pt\/pt-pt\/\",\"logo\":{\"@type\":\"ImageObject\",\"inLanguage\":\"pt-PT\",\"@id\":\"https:\/\/salmafurniture.pt\/pt-pt\/#\/schema\/logo\/image\/\",\"url\":\"https:\/\/salmafurniture.pt\/wp-content\/uploads\/2022\/02\/SALMA_logotipo.png\",\"contentUrl\":\"https:\/\/salmafurniture.pt\/wp-content\/uploads\/2022\/02\/SALMA_logotipo.png\",\"width\":301,\"height\":81,\"caption\":\"Salma Furniture\"},\"image\":{\"@id\":\"https:\/\/salmafurniture.pt\/pt-pt\/#\/schema\/logo\/image\/\"}}]}<\/script>\n<!-- \/ Yoast SEO plugin. -->","yoast_head_json":{"title":"Pol\u00edtica de Privacidade - Salma Furniture","description":"A Salma \u00e9 um fabricante portugu\u00eas de mobili\u00e1rio de luxo feito \u00e0 medida, incluindo estofos, marcenaria e serralharia.","robots":{"index":"index","follow":"follow","max-snippet":"max-snippet:-1","max-image-preview":"max-image-preview:large","max-video-preview":"max-video-preview:-1"},"canonical":"https:\/\/salmafurniture.pt\/pt-pt\/politica-de-privacidade\/","og_locale":"pt_PT","og_type":"article","og_title":"Pol\u00edtica de Privacidade - Salma Furniture","og_description":"A Salma \u00e9 um fabricante portugu\u00eas de mobili\u00e1rio de luxo feito \u00e0 medida, incluindo estofos, marcenaria e serralharia.","og_url":"https:\/\/salmafurniture.pt\/pt-pt\/politica-de-privacidade\/","og_site_name":"Salma Furniture","article_modified_time":"2023-07-19T14:23:27+00:00","twitter_card":"summary_large_image","twitter_misc":{"Tempo estimado de leitura":"6 minutos"},"schema":{"@context":"https:\/\/schema.org","@graph":[{"@type":"WebPage","@id":"https:\/\/salmafurniture.pt\/pt-pt\/politica-de-privacidade\/","url":"https:\/\/salmafurniture.pt\/pt-pt\/politica-de-privacidade\/","name":"Pol\u00edtica de Privacidade - Salma Furniture","isPartOf":{"@id":"https:\/\/salmafurniture.pt\/pt-pt\/#website"},"datePublished":"2022-02-11T15:39:51+00:00","dateModified":"2023-07-19T14:23:27+00:00","description":"A Salma \u00e9 um fabricante portugu\u00eas de mobili\u00e1rio de luxo feito \u00e0 medida, incluindo estofos, marcenaria e serralharia.","breadcrumb":{"@id":"https:\/\/salmafurniture.pt\/pt-pt\/politica-de-privacidade\/#breadcrumb"},"inLanguage":"pt-PT","potentialAction":[{"@type":"ReadAction","target":["https:\/\/salmafurniture.pt\/pt-pt\/politica-de-privacidade\/"]}]},{"@type":"BreadcrumbList","@id":"https:\/\/salmafurniture.pt\/pt-pt\/politica-de-privacidade\/#breadcrumb","itemListElement":[{"@type":"ListItem","position":1,"name":"In\u00edcio","item":"https:\/\/salmafurniture.pt\/pt-pt\/"},{"@type":"ListItem","position":2,"name":"Pol\u00edtica de Privacidade"}]},{"@type":"WebSite","@id":"https:\/\/salmafurniture.pt\/pt-pt\/#website","url":"https:\/\/salmafurniture.pt\/pt-pt\/","name":"Salma Furniture","description":"","publisher":{"@id":"https:\/\/salmafurniture.pt\/pt-pt\/#organization"},"potentialAction":[{"@type":"SearchAction","target":{"@type":"EntryPoint","urlTemplate":"https:\/\/salmafurniture.pt\/pt-pt\/?s={search_term_string}"},"query-input":{"@type":"PropertyValueSpecification","valueRequired":true,"valueName":"search_term_string"}}],"inLanguage":"pt-PT"},{"@type":"Organization","@id":"https:\/\/salmafurniture.pt\/pt-pt\/#organization","name":"Salma Furniture","url":"https:\/\/salmafurniture.pt\/pt-pt\/","logo":{"@type":"ImageObject","inLanguage":"pt-PT","@id":"https:\/\/salmafurniture.pt\/pt-pt\/#\/schema\/logo\/image\/","url":"https:\/\/salmafurniture.pt\/wp-content\/uploads\/2022\/02\/SALMA_logotipo.png","contentUrl":"https:\/\/salmafurniture.pt\/wp-content\/uploads\/2022\/02\/SALMA_logotipo.png","width":301,"height":81,"caption":"Salma Furniture"},"image":{"@id":"https:\/\/salmafurniture.pt\/pt-pt\/#\/schema\/logo\/image\/"}}]}},"_links":{"self":[{"href":"https:\/\/salmafurniture.pt\/pt-pt\/wp-json\/wp\/v2\/pages\/9503","targetHints":{"allow":["GET"]}}],"collection":[{"href":"https:\/\/salmafurniture.pt\/pt-pt\/wp-json\/wp\/v2\/pages"}],"about":[{"href":"https:\/\/salmafurniture.pt\/pt-pt\/wp-json\/wp\/v2\/types\/page"}],"author":[{"embeddable":true,"href":"https:\/\/salmafurniture.pt\/pt-pt\/wp-json\/wp\/v2\/users\/1"}],"replies":[{"embeddable":true,"href":"https:\/\/salmafurniture.pt\/pt-pt\/wp-json\/wp\/v2\/comments?post=9503"}],"version-history":[{"count":0,"href":"https:\/\/salmafurniture.pt\/pt-pt\/wp-json\/wp\/v2\/pages\/9503\/revisions"}],"wp:attachment":[{"href":"https:\/\/salmafurniture.pt\/pt-pt\/wp-json\/wp\/v2\/media?parent=9503"}],"curies":[{"name":"wp","href":"https:\/\/api.w.org\/{rel}","templated":true}]}}