{"id":12374,"date":"2025-07-31T13:32:54","date_gmt":"2025-07-31T13:32:54","guid":{"rendered":"https:\/\/salmafurniture.pt\/product\/eliane-console\/"},"modified":"2025-07-31T14:00:23","modified_gmt":"2025-07-31T14:00:23","slug":"eliane-console","status":"publish","type":"product","link":"https:\/\/salmafurniture.pt\/pt-pt\/produto\/eliane-console\/","title":{"rendered":"ELIANE | Consola"},"content":{"rendered":"<p><strong>MEDIDAS<\/strong><br \/>\n\u2013<br \/>\nH75 x W140 x D35 cm<br \/>\nH29.5\u201d x W55.1\u201d x D13.8\u201d in<\/p>\n<p>&nbsp;<\/p>\n<p><strong>INFORMA\u00c7\u00d5ES T\u00c9CNICAS<\/strong><br \/>\n\u2013<br \/>\nBase em carvalho preto escovado mate<\/p>\n<p><br data-start=\"31\" data-end=\"34\"><br data-start=\"52\" data-end=\"55\">Tampo em alto brilho<\/p>\n<p>&nbsp;<\/p>\n<p>Tamanhos personalizados e materiais dispon\u00edveis. | Feito \u00e0 m\u00e3o em Portugal. <\/p>\n","protected":false},"excerpt":{"rendered":"<p>MEDIDAS \u2013 H75 x W140 x D35 cm H29.5\u201d x W55.1\u201d x D13.8\u201d in &nbsp; INFORMA\u00c7\u00d5ES T\u00c9CNICAS \u2013 Base em carvalho preto escovado mate Tampo em alto brilho &nbsp; Tamanhos personalizados e materiais dispon\u00edveis. | Feito \u00e0 m\u00e3o em Portugal.<\/p>\n","protected":false},"featured_media":12378,"comment_status":"open","ping_status":"closed","template":"","meta":{"_acf_changed":false,"_monsterinsights_skip_tracking":false,"_monsterinsights_sitenote_active":false,"_monsterinsights_sitenote_note":"","_monsterinsights_sitenote_category":0},"product_brand":[],"product_cat":[179,107],"product_tag":[],"class_list":{"0":"post-12374","1":"product","2":"type-product","3":"status-publish","4":"has-post-thumbnail","6":"product_cat-aparadores","7":"product_cat-mobiliario","9":"first","10":"instock","11":"shipping-taxable","12":"product-type-simple"},"acf":[],"yoast_head":"<!-- This site is optimized with the Yoast SEO plugin v26.7 - https:\/\/yoast.com\/wordpress\/plugins\/seo\/ -->\n<title>ELIANE | Consola - Salma Furniture<\/title>\n<meta name=\"description\" content=\"A Salma \u00e9 um fabricante portugu\u00eas de mobili\u00e1rio de luxo feito \u00e0 medida, incluindo estofos, marcenaria e serralharia.\" \/>\n<meta name=\"robots\" content=\"index, follow, max-snippet:-1, max-image-preview:large, max-video-preview:-1\" \/>\n<link rel=\"canonical\" href=\"https:\/\/salmafurniture.pt\/pt-pt\/produto\/eliane-console\/\" \/>\n<meta property=\"og:locale\" content=\"pt_PT\" \/>\n<meta property=\"og:type\" content=\"article\" \/>\n<meta property=\"og:title\" content=\"ELIANE | Consola - Salma Furniture\" \/>\n<meta property=\"og:description\" content=\"A Salma \u00e9 um fabricante portugu\u00eas de mobili\u00e1rio de luxo feito \u00e0 medida, incluindo estofos, marcenaria e serralharia.\" \/>\n<meta property=\"og:url\" content=\"https:\/\/salmafurniture.pt\/pt-pt\/produto\/eliane-console\/\" \/>\n<meta property=\"og:site_name\" content=\"Salma Furniture\" \/>\n<meta property=\"article:modified_time\" content=\"2025-07-31T14:00:23+00:00\" \/>\n<meta property=\"og:image\" content=\"https:\/\/salmafurniture.pt\/wp-content\/uploads\/2025\/07\/F6481_SALMA_20254077-scaled.jpeg\" \/>\n\t<meta property=\"og:image:width\" content=\"2560\" \/>\n\t<meta property=\"og:image:height\" content=\"1920\" \/>\n\t<meta property=\"og:image:type\" content=\"image\/jpeg\" \/>\n<meta name=\"twitter:card\" content=\"summary_large_image\" \/>\n<script type=\"application\/ld+json\" class=\"yoast-schema-graph\">{\"@context\":\"https:\/\/schema.org\",\"@graph\":[{\"@type\":\"WebPage\",\"@id\":\"https:\/\/salmafurniture.pt\/pt-pt\/produto\/eliane-console\/\",\"url\":\"https:\/\/salmafurniture.pt\/pt-pt\/produto\/eliane-console\/\",\"name\":\"ELIANE | Consola - Salma Furniture\",\"isPartOf\":{\"@id\":\"https:\/\/salmafurniture.pt\/pt-pt\/#website\"},\"primaryImageOfPage\":{\"@id\":\"https:\/\/salmafurniture.pt\/pt-pt\/produto\/eliane-console\/#primaryimage\"},\"image\":{\"@id\":\"https:\/\/salmafurniture.pt\/pt-pt\/produto\/eliane-console\/#primaryimage\"},\"thumbnailUrl\":\"https:\/\/salmafurniture.pt\/wp-content\/uploads\/2025\/07\/F6481_SALMA_20254077-scaled-e1753971589665.jpeg\",\"datePublished\":\"2025-07-31T13:32:54+00:00\",\"dateModified\":\"2025-07-31T14:00:23+00:00\",\"description\":\"A Salma \u00e9 um fabricante portugu\u00eas de mobili\u00e1rio de luxo feito \u00e0 medida, incluindo estofos, marcenaria e serralharia.\",\"breadcrumb\":{\"@id\":\"https:\/\/salmafurniture.pt\/pt-pt\/produto\/eliane-console\/#breadcrumb\"},\"inLanguage\":\"pt-PT\",\"potentialAction\":[{\"@type\":\"ReadAction\",\"target\":[\"https:\/\/salmafurniture.pt\/pt-pt\/produto\/eliane-console\/\"]}]},{\"@type\":\"ImageObject\",\"inLanguage\":\"pt-PT\",\"@id\":\"https:\/\/salmafurniture.pt\/pt-pt\/produto\/eliane-console\/#primaryimage\",\"url\":\"https:\/\/salmafurniture.pt\/wp-content\/uploads\/2025\/07\/F6481_SALMA_20254077-scaled-e1753971589665.jpeg\",\"contentUrl\":\"https:\/\/salmafurniture.pt\/wp-content\/uploads\/2025\/07\/F6481_SALMA_20254077-scaled-e1753971589665.jpeg\",\"width\":2560,\"height\":1920},{\"@type\":\"BreadcrumbList\",\"@id\":\"https:\/\/salmafurniture.pt\/pt-pt\/produto\/eliane-console\/#breadcrumb\",\"itemListElement\":[{\"@type\":\"ListItem\",\"position\":1,\"name\":\"In\u00edcio\",\"item\":\"https:\/\/salmafurniture.pt\/pt-pt\/\"},{\"@type\":\"ListItem\",\"position\":2,\"name\":\"Produtos\",\"item\":\"https:\/\/salmafurniture.pt\/pt-pt\/produtos\/\"},{\"@type\":\"ListItem\",\"position\":3,\"name\":\"ELIANE | Consola\"}]},{\"@type\":\"WebSite\",\"@id\":\"https:\/\/salmafurniture.pt\/pt-pt\/#website\",\"url\":\"https:\/\/salmafurniture.pt\/pt-pt\/\",\"name\":\"Salma Furniture\",\"description\":\"\",\"publisher\":{\"@id\":\"https:\/\/salmafurniture.pt\/pt-pt\/#organization\"},\"potentialAction\":[{\"@type\":\"SearchAction\",\"target\":{\"@type\":\"EntryPoint\",\"urlTemplate\":\"https:\/\/salmafurniture.pt\/pt-pt\/?s={search_term_string}\"},\"query-input\":{\"@type\":\"PropertyValueSpecification\",\"valueRequired\":true,\"valueName\":\"search_term_string\"}}],\"inLanguage\":\"pt-PT\"},{\"@type\":\"Organization\",\"@id\":\"https:\/\/salmafurniture.pt\/pt-pt\/#organization\",\"name\":\"Salma Furniture\",\"url\":\"https:\/\/salmafurniture.pt\/pt-pt\/\",\"logo\":{\"@type\":\"ImageObject\",\"inLanguage\":\"pt-PT\",\"@id\":\"https:\/\/salmafurniture.pt\/pt-pt\/#\/schema\/logo\/image\/\",\"url\":\"https:\/\/salmafurniture.pt\/wp-content\/uploads\/2022\/02\/SALMA_logotipo.png\",\"contentUrl\":\"https:\/\/salmafurniture.pt\/wp-content\/uploads\/2022\/02\/SALMA_logotipo.png\",\"width\":301,\"height\":81,\"caption\":\"Salma Furniture\"},\"image\":{\"@id\":\"https:\/\/salmafurniture.pt\/pt-pt\/#\/schema\/logo\/image\/\"}}]}<\/script>\n<!-- \/ Yoast SEO plugin. -->","yoast_head_json":{"title":"ELIANE | Consola - Salma Furniture","description":"A Salma \u00e9 um fabricante portugu\u00eas de mobili\u00e1rio de luxo feito \u00e0 medida, incluindo estofos, marcenaria e serralharia.","robots":{"index":"index","follow":"follow","max-snippet":"max-snippet:-1","max-image-preview":"max-image-preview:large","max-video-preview":"max-video-preview:-1"},"canonical":"https:\/\/salmafurniture.pt\/pt-pt\/produto\/eliane-console\/","og_locale":"pt_PT","og_type":"article","og_title":"ELIANE | Consola - Salma Furniture","og_description":"A Salma \u00e9 um fabricante portugu\u00eas de mobili\u00e1rio de luxo feito \u00e0 medida, incluindo estofos, marcenaria e serralharia.","og_url":"https:\/\/salmafurniture.pt\/pt-pt\/produto\/eliane-console\/","og_site_name":"Salma Furniture","article_modified_time":"2025-07-31T14:00:23+00:00","og_image":[{"width":2560,"height":1920,"url":"https:\/\/salmafurniture.pt\/wp-content\/uploads\/2025\/07\/F6481_SALMA_20254077-scaled.jpeg","type":"image\/jpeg"}],"twitter_card":"summary_large_image","schema":{"@context":"https:\/\/schema.org","@graph":[{"@type":"WebPage","@id":"https:\/\/salmafurniture.pt\/pt-pt\/produto\/eliane-console\/","url":"https:\/\/salmafurniture.pt\/pt-pt\/produto\/eliane-console\/","name":"ELIANE | Consola - Salma Furniture","isPartOf":{"@id":"https:\/\/salmafurniture.pt\/pt-pt\/#website"},"primaryImageOfPage":{"@id":"https:\/\/salmafurniture.pt\/pt-pt\/produto\/eliane-console\/#primaryimage"},"image":{"@id":"https:\/\/salmafurniture.pt\/pt-pt\/produto\/eliane-console\/#primaryimage"},"thumbnailUrl":"https:\/\/salmafurniture.pt\/wp-content\/uploads\/2025\/07\/F6481_SALMA_20254077-scaled-e1753971589665.jpeg","datePublished":"2025-07-31T13:32:54+00:00","dateModified":"2025-07-31T14:00:23+00:00","description":"A Salma \u00e9 um fabricante portugu\u00eas de mobili\u00e1rio de luxo feito \u00e0 medida, incluindo estofos, marcenaria e serralharia.","breadcrumb":{"@id":"https:\/\/salmafurniture.pt\/pt-pt\/produto\/eliane-console\/#breadcrumb"},"inLanguage":"pt-PT","potentialAction":[{"@type":"ReadAction","target":["https:\/\/salmafurniture.pt\/pt-pt\/produto\/eliane-console\/"]}]},{"@type":"ImageObject","inLanguage":"pt-PT","@id":"https:\/\/salmafurniture.pt\/pt-pt\/produto\/eliane-console\/#primaryimage","url":"https:\/\/salmafurniture.pt\/wp-content\/uploads\/2025\/07\/F6481_SALMA_20254077-scaled-e1753971589665.jpeg","contentUrl":"https:\/\/salmafurniture.pt\/wp-content\/uploads\/2025\/07\/F6481_SALMA_20254077-scaled-e1753971589665.jpeg","width":2560,"height":1920},{"@type":"BreadcrumbList","@id":"https:\/\/salmafurniture.pt\/pt-pt\/produto\/eliane-console\/#breadcrumb","itemListElement":[{"@type":"ListItem","position":1,"name":"In\u00edcio","item":"https:\/\/salmafurniture.pt\/pt-pt\/"},{"@type":"ListItem","position":2,"name":"Produtos","item":"https:\/\/salmafurniture.pt\/pt-pt\/produtos\/"},{"@type":"ListItem","position":3,"name":"ELIANE | Consola"}]},{"@type":"WebSite","@id":"https:\/\/salmafurniture.pt\/pt-pt\/#website","url":"https:\/\/salmafurniture.pt\/pt-pt\/","name":"Salma Furniture","description":"","publisher":{"@id":"https:\/\/salmafurniture.pt\/pt-pt\/#organization"},"potentialAction":[{"@type":"SearchAction","target":{"@type":"EntryPoint","urlTemplate":"https:\/\/salmafurniture.pt\/pt-pt\/?s={search_term_string}"},"query-input":{"@type":"PropertyValueSpecification","valueRequired":true,"valueName":"search_term_string"}}],"inLanguage":"pt-PT"},{"@type":"Organization","@id":"https:\/\/salmafurniture.pt\/pt-pt\/#organization","name":"Salma Furniture","url":"https:\/\/salmafurniture.pt\/pt-pt\/","logo":{"@type":"ImageObject","inLanguage":"pt-PT","@id":"https:\/\/salmafurniture.pt\/pt-pt\/#\/schema\/logo\/image\/","url":"https:\/\/salmafurniture.pt\/wp-content\/uploads\/2022\/02\/SALMA_logotipo.png","contentUrl":"https:\/\/salmafurniture.pt\/wp-content\/uploads\/2022\/02\/SALMA_logotipo.png","width":301,"height":81,"caption":"Salma Furniture"},"image":{"@id":"https:\/\/salmafurniture.pt\/pt-pt\/#\/schema\/logo\/image\/"}}]}},"_links":{"self":[{"href":"https:\/\/salmafurniture.pt\/pt-pt\/wp-json\/wp\/v2\/product\/12374","targetHints":{"allow":["GET"]}}],"collection":[{"href":"https:\/\/salmafurniture.pt\/pt-pt\/wp-json\/wp\/v2\/product"}],"about":[{"href":"https:\/\/salmafurniture.pt\/pt-pt\/wp-json\/wp\/v2\/types\/product"}],"replies":[{"embeddable":true,"href":"https:\/\/salmafurniture.pt\/pt-pt\/wp-json\/wp\/v2\/comments?post=12374"}],"version-history":[{"count":0,"href":"https:\/\/salmafurniture.pt\/pt-pt\/wp-json\/wp\/v2\/product\/12374\/revisions"}],"wp:featuredmedia":[{"embeddable":true,"href":"https:\/\/salmafurniture.pt\/pt-pt\/wp-json\/wp\/v2\/media\/12378"}],"wp:attachment":[{"href":"https:\/\/salmafurniture.pt\/pt-pt\/wp-json\/wp\/v2\/media?parent=12374"}],"wp:term":[{"taxonomy":"product_brand","embeddable":true,"href":"https:\/\/salmafurniture.pt\/pt-pt\/wp-json\/wp\/v2\/product_brand?post=12374"},{"taxonomy":"product_cat","embeddable":true,"href":"https:\/\/salmafurniture.pt\/pt-pt\/wp-json\/wp\/v2\/product_cat?post=12374"},{"taxonomy":"product_tag","embeddable":true,"href":"https:\/\/salmafurniture.pt\/pt-pt\/wp-json\/wp\/v2\/product_tag?post=12374"}],"curies":[{"name":"wp","href":"https:\/\/api.w.org\/{rel}","templated":true}]}}