{"id":9708,"date":"2022-03-11T16:03:16","date_gmt":"2022-03-11T16:03:16","guid":{"rendered":"https:\/\/salmafurniture.pt\/product\/candeeiro-de-teto-wave\/"},"modified":"2023-07-26T10:06:13","modified_gmt":"2023-07-26T10:06:13","slug":"candeeiro-de-teto-wave","status":"publish","type":"product","link":"https:\/\/salmafurniture.pt\/pt-pt\/produto\/candeeiro-de-teto-wave\/","title":{"rendered":"WAVE | Candeeiro de Teto"},"content":{"rendered":"","protected":false},"excerpt":{"rendered":"<p><strong>MEDIDAS<\/strong><br \/>\n&#8211; H137 x W45 x D45 cm | H53.9\u201d x W17.7\u201d x D17.7\u201d in<\/p>\n<p>&nbsp;<\/p>\n<p><strong>INFORMA\u00c7\u00c3O T\u00c9CNICA<\/strong><br \/>\n&#8211; Pedra de alabastro. Detalhes em lat\u00e3o polido<\/p>\n<p>&nbsp;<\/p>\n<p>Tamanhos personalizados e materiais dispon\u00edveis. | Feito \u00e0 m\u00e3o em Portugal.  <\/p>\n","protected":false},"featured_media":10404,"comment_status":"open","ping_status":"closed","template":"","meta":{"_acf_changed":false,"_monsterinsights_skip_tracking":false,"_monsterinsights_sitenote_active":false,"_monsterinsights_sitenote_note":"","_monsterinsights_sitenote_category":0},"product_brand":[],"product_cat":[174],"product_tag":[],"class_list":{"0":"post-9708","1":"product","2":"type-product","3":"status-publish","4":"has-post-thumbnail","6":"product_cat-iluminacao","8":"first","9":"instock","10":"shipping-taxable","11":"product-type-simple"},"acf":[],"yoast_head":"<!-- This site is optimized with the Yoast SEO plugin v26.7 - https:\/\/yoast.com\/wordpress\/plugins\/seo\/ -->\n<title>WAVE | Candeeiro de Teto - Salma Furniture<\/title>\n<meta name=\"description\" content=\"A Salma \u00e9 um fabricante portugu\u00eas de mobili\u00e1rio de luxo feito \u00e0 medida, incluindo estofos, marcenaria e serralharia.\" \/>\n<meta name=\"robots\" content=\"index, follow, max-snippet:-1, max-image-preview:large, max-video-preview:-1\" \/>\n<link rel=\"canonical\" href=\"https:\/\/salmafurniture.pt\/pt-pt\/produto\/candeeiro-de-teto-wave\/\" \/>\n<meta property=\"og:locale\" content=\"pt_PT\" \/>\n<meta property=\"og:type\" content=\"article\" \/>\n<meta property=\"og:title\" content=\"WAVE | Candeeiro de Teto - Salma Furniture\" \/>\n<meta property=\"og:description\" content=\"A Salma \u00e9 um fabricante portugu\u00eas de mobili\u00e1rio de luxo feito \u00e0 medida, incluindo estofos, marcenaria e serralharia.\" \/>\n<meta property=\"og:url\" content=\"https:\/\/salmafurniture.pt\/pt-pt\/produto\/candeeiro-de-teto-wave\/\" \/>\n<meta property=\"og:site_name\" content=\"Salma Furniture\" \/>\n<meta property=\"article:modified_time\" content=\"2023-07-26T10:06:13+00:00\" \/>\n<meta property=\"og:image\" content=\"https:\/\/salmafurniture.pt\/wp-content\/uploads\/2022\/03\/wave-ceiling-lamp-6.jpg\" \/>\n\t<meta property=\"og:image:width\" content=\"960\" \/>\n\t<meta property=\"og:image:height\" content=\"960\" \/>\n\t<meta property=\"og:image:type\" content=\"image\/jpeg\" \/>\n<meta name=\"twitter:card\" content=\"summary_large_image\" \/>\n<script type=\"application\/ld+json\" class=\"yoast-schema-graph\">{\"@context\":\"https:\/\/schema.org\",\"@graph\":[{\"@type\":\"WebPage\",\"@id\":\"https:\/\/salmafurniture.pt\/pt-pt\/produto\/candeeiro-de-teto-wave\/\",\"url\":\"https:\/\/salmafurniture.pt\/pt-pt\/produto\/candeeiro-de-teto-wave\/\",\"name\":\"WAVE | Candeeiro de Teto - Salma Furniture\",\"isPartOf\":{\"@id\":\"https:\/\/salmafurniture.pt\/pt-pt\/#website\"},\"primaryImageOfPage\":{\"@id\":\"https:\/\/salmafurniture.pt\/pt-pt\/produto\/candeeiro-de-teto-wave\/#primaryimage\"},\"image\":{\"@id\":\"https:\/\/salmafurniture.pt\/pt-pt\/produto\/candeeiro-de-teto-wave\/#primaryimage\"},\"thumbnailUrl\":\"https:\/\/salmafurniture.pt\/wp-content\/uploads\/2022\/03\/wave-ceiling-lamp-6.jpg\",\"datePublished\":\"2022-03-11T16:03:16+00:00\",\"dateModified\":\"2023-07-26T10:06:13+00:00\",\"description\":\"A Salma \u00e9 um fabricante portugu\u00eas de mobili\u00e1rio de luxo feito \u00e0 medida, incluindo estofos, marcenaria e serralharia.\",\"breadcrumb\":{\"@id\":\"https:\/\/salmafurniture.pt\/pt-pt\/produto\/candeeiro-de-teto-wave\/#breadcrumb\"},\"inLanguage\":\"pt-PT\",\"potentialAction\":[{\"@type\":\"ReadAction\",\"target\":[\"https:\/\/salmafurniture.pt\/pt-pt\/produto\/candeeiro-de-teto-wave\/\"]}]},{\"@type\":\"ImageObject\",\"inLanguage\":\"pt-PT\",\"@id\":\"https:\/\/salmafurniture.pt\/pt-pt\/produto\/candeeiro-de-teto-wave\/#primaryimage\",\"url\":\"https:\/\/salmafurniture.pt\/wp-content\/uploads\/2022\/03\/wave-ceiling-lamp-6.jpg\",\"contentUrl\":\"https:\/\/salmafurniture.pt\/wp-content\/uploads\/2022\/03\/wave-ceiling-lamp-6.jpg\",\"width\":960,\"height\":960},{\"@type\":\"BreadcrumbList\",\"@id\":\"https:\/\/salmafurniture.pt\/pt-pt\/produto\/candeeiro-de-teto-wave\/#breadcrumb\",\"itemListElement\":[{\"@type\":\"ListItem\",\"position\":1,\"name\":\"In\u00edcio\",\"item\":\"https:\/\/salmafurniture.pt\/pt-pt\/\"},{\"@type\":\"ListItem\",\"position\":2,\"name\":\"Produtos\",\"item\":\"https:\/\/salmafurniture.pt\/pt-pt\/produtos\/\"},{\"@type\":\"ListItem\",\"position\":3,\"name\":\"WAVE | Candeeiro de Teto\"}]},{\"@type\":\"WebSite\",\"@id\":\"https:\/\/salmafurniture.pt\/pt-pt\/#website\",\"url\":\"https:\/\/salmafurniture.pt\/pt-pt\/\",\"name\":\"Salma Furniture\",\"description\":\"\",\"publisher\":{\"@id\":\"https:\/\/salmafurniture.pt\/pt-pt\/#organization\"},\"potentialAction\":[{\"@type\":\"SearchAction\",\"target\":{\"@type\":\"EntryPoint\",\"urlTemplate\":\"https:\/\/salmafurniture.pt\/pt-pt\/?s={search_term_string}\"},\"query-input\":{\"@type\":\"PropertyValueSpecification\",\"valueRequired\":true,\"valueName\":\"search_term_string\"}}],\"inLanguage\":\"pt-PT\"},{\"@type\":\"Organization\",\"@id\":\"https:\/\/salmafurniture.pt\/pt-pt\/#organization\",\"name\":\"Salma Furniture\",\"url\":\"https:\/\/salmafurniture.pt\/pt-pt\/\",\"logo\":{\"@type\":\"ImageObject\",\"inLanguage\":\"pt-PT\",\"@id\":\"https:\/\/salmafurniture.pt\/pt-pt\/#\/schema\/logo\/image\/\",\"url\":\"https:\/\/salmafurniture.pt\/wp-content\/uploads\/2022\/02\/SALMA_logotipo.png\",\"contentUrl\":\"https:\/\/salmafurniture.pt\/wp-content\/uploads\/2022\/02\/SALMA_logotipo.png\",\"width\":301,\"height\":81,\"caption\":\"Salma Furniture\"},\"image\":{\"@id\":\"https:\/\/salmafurniture.pt\/pt-pt\/#\/schema\/logo\/image\/\"}}]}<\/script>\n<!-- \/ Yoast SEO plugin. -->","yoast_head_json":{"title":"WAVE | Candeeiro de Teto - Salma Furniture","description":"A Salma \u00e9 um fabricante portugu\u00eas de mobili\u00e1rio de luxo feito \u00e0 medida, incluindo estofos, marcenaria e serralharia.","robots":{"index":"index","follow":"follow","max-snippet":"max-snippet:-1","max-image-preview":"max-image-preview:large","max-video-preview":"max-video-preview:-1"},"canonical":"https:\/\/salmafurniture.pt\/pt-pt\/produto\/candeeiro-de-teto-wave\/","og_locale":"pt_PT","og_type":"article","og_title":"WAVE | Candeeiro de Teto - Salma Furniture","og_description":"A Salma \u00e9 um fabricante portugu\u00eas de mobili\u00e1rio de luxo feito \u00e0 medida, incluindo estofos, marcenaria e serralharia.","og_url":"https:\/\/salmafurniture.pt\/pt-pt\/produto\/candeeiro-de-teto-wave\/","og_site_name":"Salma Furniture","article_modified_time":"2023-07-26T10:06:13+00:00","og_image":[{"width":960,"height":960,"url":"https:\/\/salmafurniture.pt\/wp-content\/uploads\/2022\/03\/wave-ceiling-lamp-6.jpg","type":"image\/jpeg"}],"twitter_card":"summary_large_image","schema":{"@context":"https:\/\/schema.org","@graph":[{"@type":"WebPage","@id":"https:\/\/salmafurniture.pt\/pt-pt\/produto\/candeeiro-de-teto-wave\/","url":"https:\/\/salmafurniture.pt\/pt-pt\/produto\/candeeiro-de-teto-wave\/","name":"WAVE | Candeeiro de Teto - Salma Furniture","isPartOf":{"@id":"https:\/\/salmafurniture.pt\/pt-pt\/#website"},"primaryImageOfPage":{"@id":"https:\/\/salmafurniture.pt\/pt-pt\/produto\/candeeiro-de-teto-wave\/#primaryimage"},"image":{"@id":"https:\/\/salmafurniture.pt\/pt-pt\/produto\/candeeiro-de-teto-wave\/#primaryimage"},"thumbnailUrl":"https:\/\/salmafurniture.pt\/wp-content\/uploads\/2022\/03\/wave-ceiling-lamp-6.jpg","datePublished":"2022-03-11T16:03:16+00:00","dateModified":"2023-07-26T10:06:13+00:00","description":"A Salma \u00e9 um fabricante portugu\u00eas de mobili\u00e1rio de luxo feito \u00e0 medida, incluindo estofos, marcenaria e serralharia.","breadcrumb":{"@id":"https:\/\/salmafurniture.pt\/pt-pt\/produto\/candeeiro-de-teto-wave\/#breadcrumb"},"inLanguage":"pt-PT","potentialAction":[{"@type":"ReadAction","target":["https:\/\/salmafurniture.pt\/pt-pt\/produto\/candeeiro-de-teto-wave\/"]}]},{"@type":"ImageObject","inLanguage":"pt-PT","@id":"https:\/\/salmafurniture.pt\/pt-pt\/produto\/candeeiro-de-teto-wave\/#primaryimage","url":"https:\/\/salmafurniture.pt\/wp-content\/uploads\/2022\/03\/wave-ceiling-lamp-6.jpg","contentUrl":"https:\/\/salmafurniture.pt\/wp-content\/uploads\/2022\/03\/wave-ceiling-lamp-6.jpg","width":960,"height":960},{"@type":"BreadcrumbList","@id":"https:\/\/salmafurniture.pt\/pt-pt\/produto\/candeeiro-de-teto-wave\/#breadcrumb","itemListElement":[{"@type":"ListItem","position":1,"name":"In\u00edcio","item":"https:\/\/salmafurniture.pt\/pt-pt\/"},{"@type":"ListItem","position":2,"name":"Produtos","item":"https:\/\/salmafurniture.pt\/pt-pt\/produtos\/"},{"@type":"ListItem","position":3,"name":"WAVE | Candeeiro de Teto"}]},{"@type":"WebSite","@id":"https:\/\/salmafurniture.pt\/pt-pt\/#website","url":"https:\/\/salmafurniture.pt\/pt-pt\/","name":"Salma Furniture","description":"","publisher":{"@id":"https:\/\/salmafurniture.pt\/pt-pt\/#organization"},"potentialAction":[{"@type":"SearchAction","target":{"@type":"EntryPoint","urlTemplate":"https:\/\/salmafurniture.pt\/pt-pt\/?s={search_term_string}"},"query-input":{"@type":"PropertyValueSpecification","valueRequired":true,"valueName":"search_term_string"}}],"inLanguage":"pt-PT"},{"@type":"Organization","@id":"https:\/\/salmafurniture.pt\/pt-pt\/#organization","name":"Salma Furniture","url":"https:\/\/salmafurniture.pt\/pt-pt\/","logo":{"@type":"ImageObject","inLanguage":"pt-PT","@id":"https:\/\/salmafurniture.pt\/pt-pt\/#\/schema\/logo\/image\/","url":"https:\/\/salmafurniture.pt\/wp-content\/uploads\/2022\/02\/SALMA_logotipo.png","contentUrl":"https:\/\/salmafurniture.pt\/wp-content\/uploads\/2022\/02\/SALMA_logotipo.png","width":301,"height":81,"caption":"Salma Furniture"},"image":{"@id":"https:\/\/salmafurniture.pt\/pt-pt\/#\/schema\/logo\/image\/"}}]}},"_links":{"self":[{"href":"https:\/\/salmafurniture.pt\/pt-pt\/wp-json\/wp\/v2\/product\/9708","targetHints":{"allow":["GET"]}}],"collection":[{"href":"https:\/\/salmafurniture.pt\/pt-pt\/wp-json\/wp\/v2\/product"}],"about":[{"href":"https:\/\/salmafurniture.pt\/pt-pt\/wp-json\/wp\/v2\/types\/product"}],"replies":[{"embeddable":true,"href":"https:\/\/salmafurniture.pt\/pt-pt\/wp-json\/wp\/v2\/comments?post=9708"}],"version-history":[{"count":0,"href":"https:\/\/salmafurniture.pt\/pt-pt\/wp-json\/wp\/v2\/product\/9708\/revisions"}],"wp:featuredmedia":[{"embeddable":true,"href":"https:\/\/salmafurniture.pt\/pt-pt\/wp-json\/wp\/v2\/media\/10404"}],"wp:attachment":[{"href":"https:\/\/salmafurniture.pt\/pt-pt\/wp-json\/wp\/v2\/media?parent=9708"}],"wp:term":[{"taxonomy":"product_brand","embeddable":true,"href":"https:\/\/salmafurniture.pt\/pt-pt\/wp-json\/wp\/v2\/product_brand?post=9708"},{"taxonomy":"product_cat","embeddable":true,"href":"https:\/\/salmafurniture.pt\/pt-pt\/wp-json\/wp\/v2\/product_cat?post=9708"},{"taxonomy":"product_tag","embeddable":true,"href":"https:\/\/salmafurniture.pt\/pt-pt\/wp-json\/wp\/v2\/product_tag?post=9708"}],"curies":[{"name":"wp","href":"https:\/\/api.w.org\/{rel}","templated":true}]}}